{"id":22563,"date":"2025-05-08T15:59:17","date_gmt":"2025-05-08T12:59:17","guid":{"rendered":"https:\/\/originfgl.com\/?page_id=22563"},"modified":"2025-05-15T16:15:35","modified_gmt":"2025-05-15T13:15:35","slug":"musteri-musteri-adayi-aydinlatma-metni","status":"publish","type":"page","link":"https:\/\/originfgl.com\/tr\/musteri-musteri-adayi-aydinlatma-metni\/","title":{"rendered":"M\u00fc\u015fteri-M\u00fc\u015fteri Aday\u0131 Ayd\u0131nlatma Metni"},"content":{"rendered":"\t\t<div data-elementor-type=\"wp-page\" data-elementor-id=\"22563\" class=\"elementor elementor-22563\" data-elementor-post-type=\"page\">\n\t\t\t\t\t\t<section class=\"elementor-section elementor-top-section elementor-element elementor-element-2a5c4f4 elementor-section-boxed elementor-section-height-default elementor-section-height-default sc_fly_static\" data-id=\"2a5c4f4\" data-element_type=\"section\">\n\t\t\t\t\t\t<div class=\"elementor-container elementor-column-gap-default\">\n\t\t\t\t\t<div class=\"elementor-column elementor-col-100 elementor-top-column elementor-element elementor-element-199c80f sc_inner_width_none sc_content_align_inherit sc_layouts_column_icons_position_left sc_fly_static\" data-id=\"199c80f\" data-element_type=\"column\">\n\t\t\t<div class=\"elementor-widget-wrap elementor-element-populated\">\n\t\t\t\t\t\t<div class=\"elementor-element elementor-element-55e1aa9 sc_fly_static elementor-widget elementor-widget-spacer\" data-id=\"55e1aa9\" data-element_type=\"widget\" data-widget_type=\"spacer.default\">\n\t\t\t\t<div class=\"elementor-widget-container\">\n\t\t\t\t\t\t\t<div class=\"elementor-spacer\">\n\t\t\t<div class=\"elementor-spacer-inner\"><\/div>\n\t\t<\/div>\n\t\t\t\t\t\t<\/div>\n\t\t\t\t<\/div>\n\t\t\t\t<div class=\"elementor-element elementor-element-92603d0 sc_fly_static elementor-widget elementor-widget-heading\" data-id=\"92603d0\" data-element_type=\"widget\" data-widget_type=\"heading.default\">\n\t\t\t\t<div class=\"elementor-widget-container\">\n\t\t\t\t\t<h3 class=\"elementor-heading-title elementor-size-default\">M\u00fc\u015fteri-M\u00fc\u015fteri Aday\u0131 Ayd\u0131nlatma Metni<\/h3>\t\t\t\t<\/div>\n\t\t\t\t<\/div>\n\t\t\t\t<div class=\"elementor-element elementor-element-caed79c sc_fly_static elementor-widget elementor-widget-spacer\" data-id=\"caed79c\" data-element_type=\"widget\" data-widget_type=\"spacer.default\">\n\t\t\t\t<div class=\"elementor-widget-container\">\n\t\t\t\t\t\t\t<div class=\"elementor-spacer\">\n\t\t\t<div class=\"elementor-spacer-inner\"><\/div>\n\t\t<\/div>\n\t\t\t\t\t\t<\/div>\n\t\t\t\t<\/div>\n\t\t\t\t<div class=\"elementor-element elementor-element-15a651f6 sc_fly_static elementor-widget elementor-widget-text-editor\" data-id=\"15a651f6\" data-element_type=\"widget\" data-widget_type=\"text-editor.default\">\n\t\t\t\t<div class=\"elementor-widget-container\">\n\t\t\t\t\t\t\t\t\t<p><strong>Origin FGL Lojistik A.\u015e.<\/strong> (bundan b\u00f6yle \u201c<strong>Origin FGL\u201d<\/strong> olarak ifade edilecektir) olarak 6698 say\u0131l\u0131 Ki\u015fisel Verilerin Korunmas\u0131 Kanunu (\u201cKVKK\u201d) ile ilgili mevzuat ve yasal d\u00fczenlemelerden kaynaklanan faaliyetlerimiz \u00e7er\u00e7evesinde ki\u015fisel verilerinizin i\u015flenmesi, saklanmas\u0131 ve aktar\u0131lmas\u0131na ili\u015fkin veri sahibi ilgili ki\u015fileri ayd\u0131nlatmak amac\u0131yla i\u015fbu Ki\u015fisel Verilerin \u0130\u015flenmesi Ayd\u0131nlatma Metni\u2019ni (\u201cAyd\u0131nlatma Metni\u201d) haz\u0131rlad\u0131k.<\/p><p>Ayd\u0131nlatma Metni, <strong>Origin FGL<\/strong> taraf\u0131ndan yay\u0131mland\u0131\u011f\u0131 tarih itibariyle ge\u00e7erli olacakt\u0131r. <strong>Origin FGL<\/strong> Ayd\u0131nlatma Metni\u2019nde gerekli oldu\u011fu takdirde her zaman de\u011fi\u015fiklik yapabilir. Yap\u0131lacak de\u011fi\u015fiklikler, Ayd\u0131nlatma Metni\u2019nin internet adresinde yay\u0131mlanmas\u0131yla birlikte derhal ge\u00e7erlilik kazan\u0131r.<\/p><p><strong>\u0130lgili Ki\u015filer: <\/strong><strong>Hizmet Alan Ki\u015fi (M\u00fc\u015fteri\/M\u00fc\u015fteri Aday\u0131)<\/strong><\/p><table width=\"1094\"><tbody><tr><td width=\"93\"><p><strong>Veri Kategorisi<\/strong><\/p><\/td><td width=\"198\"><p><strong>\u0130\u015flenen Ki\u015fisel Veriler<\/strong><\/p><\/td><td width=\"321\"><p><strong>Ki\u015fisel Verinin \u0130\u015flenme Ama\u00e7lar\u0131<\/strong><\/p><\/td><td width=\"293\"><p><strong>Ki\u015fisel Verilerin \u0130\u015flenmesinin Hukuki Sebepleri<\/strong><\/p><\/td><td width=\"189\"><p><strong>Ki\u015fisel Verilerin Toplanma Y\u00f6ntemleri<\/strong><\/p><p><strong>\u00a0<\/strong><\/p><\/td><\/tr><tr><td width=\"93\"><p>01 &#8211; Kimlik Verileri<\/p><\/td><td width=\"198\"><p>Ad\u0131, Soyad\u0131, \u0130mza, TC Kimlik No.\/ Vergi Numaras\u0131<\/p><\/td><td width=\"321\"><p>Finans Ve Muhasebe \u0130\u015flerinin Y\u00fcr\u00fct\u00fclmesi, Lojistik Faaliyetlerinin Y\u00fcr\u00fct\u00fclmesi, Mal \/ Hizmet Sat\u0131\u015f S\u00fcre\u00e7lerinin Y\u00fcr\u00fct\u00fclmesi, S\u00f6zle\u015fme S\u00fcre\u00e7lerinin Y\u00fcr\u00fct\u00fclmesi, Fiziksel Mekan G\u00fcvenli\u011finin Temini, Ziyaret\u00e7i Kay\u0131tlar\u0131n\u0131n Olu\u015fturulmas\u0131 ve Takibi, Taleplerinizin De\u011ferlendirilmesi<\/p><\/td><td width=\"293\"><p>6102 Say\u0131l\u0131 T\u00fcrk Ticaret Kanunu,<br \/>213 Say\u0131l\u0131 Vergi Usul Kanunu,<br \/>6698 Say\u0131l\u0131 Ki\u015fisel Verilerin Korunmas\u0131 Kanunu,<br \/>5\/2-c &#8211; Bir s\u00f6zle\u015fmenin kurulmas\u0131 ve ya ifas\u0131yla do\u011frudan do\u011fruya ilgili olmas\u0131 kayd\u0131yla, s\u00f6zle\u015fmenin taraflar\u0131na ait ki\u015fisel verilerin i\u015flenmesinin gerekli olmas\u0131,<\/p><p>5\/2-\u00e7 &#8211; Veri sorumlusunun hukuki y\u00fck\u00fcml\u00fcl\u00fc\u011f\u00fcn\u00fc yerine getirebilmesi i\u00e7in zorunlu olmas\u0131,<\/p><p>5\/2-e &#8211; Bir hakk\u0131n tesisi, kullan\u0131lmas\u0131 veya korunmas\u0131 i\u00e7in veri i\u015flemenin zorunlu olmas\u0131.<\/p><\/td><td width=\"189\"><p>Kimlik bilgileriniz; e-posta, telefon, s\u00f6zle\u015fmeler, irsaliyeler yoluyla toplanmaktad\u0131r.<\/p><\/td><\/tr><tr><td width=\"93\"><p>02 &#8211; \u0130leti\u015fim Verileri<\/p><\/td><td width=\"198\"><p>Adres, E-Posta, Telefon No.<\/p><\/td><td width=\"321\"><p>Finans Ve Muhasebe \u0130\u015flerinin Y\u00fcr\u00fct\u00fclmesi, Lojistik Faaliyetlerinin Y\u00fcr\u00fct\u00fclmesi, Mal \/ Hizmet Sat\u0131\u015f S\u00fcre\u00e7lerinin Y\u00fcr\u00fct\u00fclmesi, S\u00f6zle\u015fme S\u00fcre\u00e7lerinin Y\u00fcr\u00fct\u00fclmesi, Taleplerinizin De\u011ferlendirilmesi, \u0130leti\u015fim Faaliyetlerinin Y\u00fcr\u00fct\u00fclmesi<\/p><\/td><td width=\"293\"><p>6102 Say\u0131l\u0131 T\u00fcrk Ticaret Kanunu,<\/p><p>6698 Say\u0131l\u0131 Ki\u015fisel Verilerin Korunmas\u0131 Kanunu,<\/p><p>5\/2-e &#8211; Bir hakk\u0131n tesisi, kullan\u0131lmas\u0131 veya korunmas\u0131 i\u00e7in veri i\u015flemenin zorunlu olmas\u0131.<\/p><\/td><td width=\"189\"><p>\u0130leti\u015fim Verileriniz; Mal ve hizmet sat\u0131\u015f, servis s\u00fcre\u00e7lerinin y\u00fcr\u00fct\u00fclmesi s\u0131ras\u0131nda e-Posta, telefon, s\u00f6zle\u015fmeler yoluyla toplanmaktad\u0131r.<\/p><\/td><\/tr><tr><td width=\"93\"><p>05- Hukuki \u0130\u015flem<\/p><\/td><td width=\"198\"><p>Vekaletname, \u0130mza Sirk\u00fcleri, S\u00f6zle\u015fmeler<\/p><\/td><td width=\"321\"><p>Faaliyetlerin Mevzuata Uygun Y\u00fcr\u00fct\u00fclmesi, Finans Ve<br \/>Muhasebe \u0130\u015flerinin Y\u00fcr\u00fct\u00fclmesi, Mal \/ Hizmet Sat\u0131\u015f<br \/>S\u00fcre\u00e7lerinin Y\u00fcr\u00fct\u00fclmesi, S\u00f6zle\u015fme S\u00fcre\u00e7lerinin<br \/>Y\u00fcr\u00fct\u00fclmesi<\/p><\/td><td width=\"293\"><p>6102 Say\u0131l\u0131 T\u00fcrk Ticaret Kanunu,<br \/>6698 Say\u0131l\u0131 Ki\u015fisel Verilerin Korunmas\u0131 Kanunu,<br \/>5\/2-c &#8211; Bir s\u00f6zle\u015fmenin kurulmas\u0131 ve ya ifas\u0131yla<br \/>do\u011frudan do\u011fruya ilgili olmas\u0131 kayd\u0131yla,<br \/>s\u00f6zle\u015fmenin taraflar\u0131na ait ki\u015fisel verilerin<br \/>i\u015flenmesinin gerekli olmas\u0131,<br \/>5\/2-e &#8211; Bir hakk\u0131n tesisi, kullan\u0131lmas\u0131 veya<br \/>korunmas\u0131 i\u00e7in veri i\u015flemenin zorunlu olmas\u0131.<\/p><\/td><td width=\"189\"><p>Hukuki \u0130\u015flem Verileriniz; Ticari i\u015flemlerinin y\u00fcr\u00fct\u00fclmesi<br \/>s\u0131ras\u0131nda, e-posta, firma<br \/>yetkilerimize bizzat m\u00fc\u015fteriler<br \/>taraf\u0131ndan verilmesi ya da<br \/>taraflar\u0131n birbirlerine<br \/>elden veya kargo arac\u0131l\u0131\u011f\u0131yla<br \/>iletilmesi y\u00f6ntemleriyle<br \/>toplanmaktad\u0131r.<\/p><\/td><\/tr><tr><td width=\"93\"><p>06- M\u00fc\u015fteri \u0130\u015flem Verileri<\/p><\/td><td width=\"198\"><p>Fatura, \u00c7ek-Senet Bilgileri<\/p><\/td><td width=\"321\"><p>Faaliyetlerin Mevzuata Uygun Y\u00fcr\u00fct\u00fclmesi, Finans Ve Muhasebe \u0130\u015flerinin Y\u00fcr\u00fct\u00fclmesi, Mal \/ Hizmet Sat\u0131\u015f S\u00fcre\u00e7lerinin Y\u00fcr\u00fct\u00fclmesi, S\u00f6zle\u015fme S\u00fcre\u00e7lerinin Y\u00fcr\u00fct\u00fclmesi<\/p><\/td><td width=\"293\"><p>213 say\u0131l\u0131 Vergi Usul Kanunu (m.230)<\/p><p>6102 Say\u0131l\u0131 T\u00fcrk Ticaret Kanunu,<\/p><p>6698 Say\u0131l\u0131 Ki\u015fisel Verilerin Korunmas\u0131 Kanunu,<\/p><p>5\/2-c &#8211; Bir s\u00f6zle\u015fmenin kurulmas\u0131 ve ya ifas\u0131yla do\u011frudan do\u011fruya ilgili olmas\u0131 kayd\u0131yla, s\u00f6zle\u015fmenin taraflar\u0131na ait ki\u015fisel verilerin i\u015flenmesinin gerekli olmas\u0131,<\/p><p>5\/2-e &#8211; Bir hakk\u0131n tesisi, kullan\u0131lmas\u0131 veya korunmas\u0131 i\u00e7in veri i\u015flemenin zorunlu olmas\u0131.<\/p><\/td><td width=\"189\"><p>M\u00fc\u015fteri \u0130\u015flem Verileriniz; Ticari i\u015flemlerinin y\u00fcr\u00fct\u00fclmesi s\u0131ras\u0131nda, e-posta, telefon, firma yetkilerimize bizzat m\u00fc\u015fteriler taraf\u0131ndan verilmesi ya da taraflar\u0131n kesip birbirlerine elden veya kargo arac\u0131l\u0131\u011f\u0131yla iletilmesi y\u00f6ntemleriyle toplanmaktad\u0131r.<\/p><\/td><\/tr><tr><td width=\"93\"><p>07 \u2013 Fiziksel Mekan G\u00fcvenli\u011fi<\/p><\/td><td width=\"198\"><p>Kamera Kay\u0131tlar\u0131<\/p><\/td><td width=\"321\"><p>Fiziksel Mekan G\u00fcvenli\u011finin Temini<\/p><\/td><td width=\"293\"><p>6698 Say\u0131l\u0131 Ki\u015fisel Verilerin Korunmas\u0131 Kanunu 5.Maddesinde belirtilen;<\/p><p>5\/2-f &#8211; \u0130lgili ki\u015finin temel hak ve \u00f6zg\u00fcrl\u00fcklerine zarar vermemek kayd\u0131yla, veri sorumlusunun me\u015fru menfaatleri i\u00e7in veri i\u015flenmesinin zorunlu olmas\u0131.<\/p><\/td><td width=\"189\"><p>\u015eirketimizi ziyaretiniz s\u0131ras\u0131nda otomatik yollarla, kamera sistemiyle verileriniz i\u015flenmektedir.<\/p><\/td><\/tr><tr><td width=\"93\"><p>10 &#8211; Finans Verileri<\/p><\/td><td width=\"198\"><p>Banka Bilgileri, IBAN No, Kredi Kart\u0131 Bilgileri<\/p><\/td><td width=\"321\"><p>Finans Ve Muhasebe \u0130\u015flerinin Y\u00fcr\u00fct\u00fclmesi, Mal \/ Hizmet Sat\u0131\u015f S\u00fcre\u00e7lerinin Y\u00fcr\u00fct\u00fclmesi<\/p><\/td><td width=\"293\"><p>6102 Say\u0131l\u0131 T\u00fcrk Ticaret Kanunu, 6698 Say\u0131l\u0131 Ki\u015fisel Verilerin Korunmas\u0131 Kanunu,<\/p><p>5\/2-e &#8211; Bir hakk\u0131n tesisi, kullan\u0131lmas\u0131 veya korunmas\u0131 i\u00e7in veri i\u015flemenin zorunlu olmas\u0131.<\/p><\/td><td width=\"189\"><p>Finans i\u015flemlerinin y\u00fcr\u00fct\u00fclmesi s\u0131ras\u0131nda, E-posta, Telefon, sipari\u015f formu, irsaliye, Firma yetkilerimize bizzat m\u00fc\u015fteriler taraf\u0131ndan verilmesi y\u00f6ntemleriyle toplanmaktad\u0131r.<\/p><\/td><\/tr><\/tbody><\/table><p><strong>\u00a0<\/strong><\/p><p><strong>\u0130\u015f<\/strong><strong>lenen Ki\u015fisel Verilerin Kimlere ve Hangi Ama\u00e7la Aktar\u0131labilece\u011fi<\/strong><\/p><p><strong>Origin FGL <\/strong>taraf\u0131ndan toplanan ki\u015fisel verileriniz; 6698 Say\u0131l\u0131 Ki\u015fisel Verilerin Korunmas\u0131 Kanunu\u2019nun 8. ve 9. maddelerine uygun olmak suretiyle aktar\u0131lmaktad\u0131r.<\/p><table width=\"1077\"><tbody><tr><td width=\"83\"><p><strong>Veri Kategorisi<\/strong><\/p><\/td><td width=\"163\"><p><strong>\u0130\u015flenen Ki\u015fisel Veriler<\/strong><\/p><\/td><td width=\"246\"><p><strong>Ki\u015fisel Verilerin Aktar\u0131lma Ama\u00e7lar\u0131<\/strong><\/p><\/td><td width=\"208\"><p><strong>Ki\u015fisel Verileri Kime Aktar\u0131yoruz<\/strong><\/p><\/td><td width=\"140\"><p><strong>Ki\u015fisel Verileri Nas\u0131l Aktar\u0131yoruz<\/strong><\/p><\/td><td width=\"238\"><p><strong>Ki\u015fisel Verilerin Yurtd\u0131\u015f\u0131 Aktar\u0131m\u0131<\/strong><\/p><\/td><\/tr><tr><td width=\"83\"><p>01 &#8211; Kimlik Verileri<\/p><\/td><td width=\"163\"><p>Ad\u0131, \u0130mza, Soyad\u0131, T.C. Kimlik No, Vergi Numaras\u0131<\/p><\/td><td width=\"246\"><p>Finans Ve Muhasebe \u0130\u015flerinin Y\u00fcr\u00fct\u00fclmesi, Hukuk \u0130\u015flerinin Takibi Ve Y\u00fcr\u00fct\u00fclmesi, Lojistik Faaliyetlerinin Y\u00fcr\u00fct\u00fclmesi, Mal \/ Hizmet Sat\u0131\u015f S\u00fcre\u00e7lerinin Y\u00fcr\u00fct\u00fclmesi, Talep \/ \u015eikayetlerin Takibi, Yetkili Ki\u015fi, Kurum Ve Kurulu\u015flara Bilgi Verilmesi<\/p><\/td><td width=\"208\"><p>Ger\u00e7ek Ki\u015filer veya \u00d6zel Hukuk T\u00fczel Ki\u015fileri, Tedarik\u00e7iler, Yetkili Kamu Kurum ve Kurulu\u015flar\u0131, M\u00fc\u015fteriler<\/p><\/td><td width=\"140\"><p>E-Mail, Posta,<\/p><\/td><td width=\"238\"><p>Kimlik kategorisinde yer alan ki\u015fisel verileriniz kullan\u0131lan sistemlerin (Microsoft 365, Outlook, Bulut Sistemleri(barracuda backup)) yurtd\u0131\u015f\u0131 kaynakl\u0131 olmas\u0131 sebebiyle yurtd\u0131\u015f\u0131na aktar\u0131lmaktad\u0131r.<\/p><\/td><\/tr><tr><td width=\"83\"><p>02 &#8211; \u0130leti\u015fim Verileri<\/p><\/td><td width=\"163\"><p>Adres, E-Posta, Telefon No<\/p><\/td><td width=\"246\"><p>Finans Ve Muhasebe \u0130\u015flerinin Y\u00fcr\u00fct\u00fclmesi, Lojistik Faaliyetlerinin Y\u00fcr\u00fct\u00fclmesi, Mal \/ Hizmet Sat\u0131\u015f S\u00fcre\u00e7lerinin Y\u00fcr\u00fct\u00fclmesi, S\u00f6zle\u015fme S\u00fcre\u00e7lerinin Y\u00fcr\u00fct\u00fclmesi<\/p><\/td><td width=\"208\"><p>Ger\u00e7ek Ki\u015filer veya \u00d6zel Hukuk T\u00fczel Ki\u015fileri, Tedarik\u00e7iler, Yetkili Kamu Kurum ve Kurulu\u015flar\u0131<\/p><\/td><td width=\"140\"><p>E-Mail, Posta,<\/p><\/td><td width=\"238\"><p>\u0130leti\u015fim kategorisinde yer alan ki\u015fisel verileriniz kullan\u0131lan sistemlerin (Microsoft 365, Outlook, Bulut Sistemleri(barracuda backup)) yurtd\u0131\u015f\u0131 kaynakl\u0131 olmas\u0131 sebebiyle yurtd\u0131\u015f\u0131na aktar\u0131lmaktad\u0131r.<\/p><\/td><\/tr><tr><td width=\"83\"><p>05- Hukuki \u0130\u015flem<\/p><\/td><td width=\"163\"><p>Vekaletname, \u0130mza Sirk\u00fcleri, S\u00f6zle\u015fmeler<\/p><\/td><td width=\"246\"><p>Finans Ve Muhasebe \u0130\u015flerinin<br \/>Y\u00fcr\u00fct\u00fclmesi, Yetkili Ki\u015fi, Kurum Ve<br \/>Kurulu\u015flara Bilgi Verilmesi<\/p><\/td><td width=\"208\"><p>Ger\u00e7ek Ki\u015filer veya \u00d6zel Hukuk<br \/>T\u00fczel Ki\u015fileri, Yetkili Kamu<br \/>Kurum ve Kurulu\u015flar\u0131, Hissedarlar<\/p><\/td><td width=\"140\"><p>E-Mail, Posta,<\/p><\/td><td width=\"238\"><p>Hukuki \u0130\u015flem kategorisinde yer alan ki\u015fisel verileriniz kullan\u0131lan sistemlerin (Microsoft 365, Outlook, Bulut Sistemleri(barracuda backup)) yurtd\u0131\u015f\u0131 kaynakl\u0131 olmas\u0131 sebebiyle yurtd\u0131\u015f\u0131na aktar\u0131lmaktad\u0131r.<\/p><\/td><\/tr><tr><td width=\"83\"><p>06- M\u00fc\u015fteri \u0130\u015flem Verileri<\/p><\/td><td width=\"163\"><p>Fatura, \u00c7ek-Senet Bilgileri<\/p><\/td><td width=\"246\"><p>Finans Ve Muhasebe \u0130\u015flerinin Y\u00fcr\u00fct\u00fclmesi, Yetkili Ki\u015fi, Kurum Ve Kurulu\u015flara Bilgi Verilmesi<\/p><\/td><td width=\"208\"><p>Ger\u00e7ek Ki\u015filer veya \u00d6zel Hukuk T\u00fczel Ki\u015fileri, Yetkili Kamu Kurum ve Kurulu\u015flar\u0131<\/p><\/td><td width=\"140\"><p>E-Mail, Posta,<\/p><\/td><td width=\"238\"><p>M\u00fc\u015fteri \u0130\u015flem kategorisinde yer alan ki\u015fisel verileriniz kullan\u0131lan sistemlerin (Microsoft 365, Outlook, Bulut Sistemleri(barracuda backup)) yurtd\u0131\u015f\u0131 kaynakl\u0131 olmas\u0131 sebebiyle yurtd\u0131\u015f\u0131na aktar\u0131lmaktad\u0131r.<\/p><\/td><\/tr><tr><td width=\"83\"><p>07 \u2013 Fiziksel Mek\u00e2n G\u00fcvenli\u011fi<\/p><\/td><td width=\"163\"><p>Kamera Kay\u0131tlar\u0131<\/p><\/td><td width=\"246\"><p>Yetkili Ki\u015fi, Kurum Ve Kurulu\u015flara Bilgi Verilmesi<\/p><\/td><td width=\"208\"><p>Yetkili Kamu Kurum ve Kurulu\u015flar\u0131<\/p><\/td><td width=\"140\"><p>CD veya USB<\/p><\/td><td width=\"238\"><p>Fiziksel Mekan G\u00fcvenli\u011fi kategorisinde yer alan ki\u015fisel verileriniz kullan\u0131lan sistemlerin (Microsoft 365, Outlook, Bulut Sistemleri(barracuda backup)) yurtd\u0131\u015f\u0131 kaynakl\u0131 olmas\u0131 sebebiyle yurtd\u0131\u015f\u0131na aktar\u0131lmaktad\u0131r.<\/p><\/td><\/tr><tr><td width=\"83\"><p>10 &#8211; Finans Verileri<\/p><\/td><td width=\"163\"><p>Banka Bilgileri, IBAN No, Kredi Kart\u0131 Bilgileri<\/p><\/td><td width=\"246\"><p>Finans Ve Muhasebe \u0130\u015flerinin Y\u00fcr\u00fct\u00fclmesi, Yetkili Ki\u015fi, Kurum Ve Kurulu\u015flara Bilgi Verilmesi<\/p><\/td><td width=\"208\"><p>Ger\u00e7ek Ki\u015filer veya \u00d6zel Hukuk T\u00fczel Ki\u015fileri, Tedarik\u00e7iler, Yetkili Kamu Kurum ve Kurulu\u015flar\u0131<\/p><\/td><td width=\"140\"><p>E-Mail, Fatura, Dekont<\/p><\/td><td width=\"238\"><p>Finans kategorisinde yer alan ki\u015fisel verileriniz kullan\u0131lan sistemlerin (Microsoft 365, Outlook, Bulut Sistemleri(barracuda backup)) yurtd\u0131\u015f\u0131 kaynakl\u0131 olmas\u0131 sebebiyle yurtd\u0131\u015f\u0131na aktar\u0131lmaktad\u0131r.<\/p><\/td><\/tr><\/tbody><\/table><p><strong>Veri Sahibi Olarak KVK Kanunu\u2019nun 11. Maddesinde Say\u0131lan Haklar\u0131n\u0131z Nelerdir?<\/strong><\/p><p>Ki\u015fisel verisi i\u015flenen ger\u00e7ek ki\u015filerin KVK Kanunu\u2019nun 11. maddesi uyar\u0131nca sahip oldu\u011fu haklar a\u015fa\u011f\u0131daki gibidir;<\/p><ul><li>Ki\u015fisel veri i\u015flenip i\u015flenmedi\u011fini \u00f6\u011frenme,<\/li><li>Ki\u015fisel verileri i\u015flenmi\u015fse buna ili\u015fkin bilgi talep etme,<\/li><li>Ki\u015fisel verilerin i\u015flenme amac\u0131n\u0131 ve bunlar\u0131n amac\u0131na uygun kullan\u0131l\u0131p kullan\u0131lmad\u0131\u011f\u0131n\u0131 \u00f6\u011frenme,<\/li><li>Yurt i\u00e7inde veya yurt d\u0131\u015f\u0131nda ki\u015fisel verilerin aktar\u0131ld\u0131\u011f\u0131 \u00fc\u00e7\u00fcnc\u00fc ki\u015fileri bilme,<\/li><li>Ki\u015fisel verilerin eksik veya yanl\u0131\u015f i\u015flenmi\u015f olmas\u0131 h\u00e2linde bunlar\u0131n d\u00fczeltilmesini isteme ve bu kapsamda yap\u0131lan i\u015flemin ki\u015fisel verilerin aktar\u0131ld\u0131\u011f\u0131 \u00fc\u00e7\u00fcnc\u00fc ki\u015filere bildirilmesini isteme,<\/li><li>KVK Kanunu ve ilgili di\u011fer kanun h\u00fck\u00fcmlerine uygun olarak i\u015flenmi\u015f olmas\u0131na ra\u011fmen, i\u015flenmesini gerektiren sebeplerin ortadan kalkmas\u0131 h\u00e2linde ki\u015fisel verilerin silinmesini veya yok edilmesini isteme ve bu kapsamda yap\u0131lan i\u015flemin ki\u015fisel verilerin aktar\u0131ld\u0131\u011f\u0131 \u00fc\u00e7\u00fcnc\u00fc ki\u015filere bildirilmesini isteme,<\/li><li>\u0130\u015flenen verilerin m\u00fcnhas\u0131ran otomatik sistemler vas\u0131tas\u0131yla analiz edilmesi suretiyle ki\u015finin kendisi aleyhine bir sonucun ortaya \u00e7\u0131kmas\u0131na itiraz etme,<\/li><li>Ki\u015fisel verilerin kanuna ayk\u0131r\u0131 olarak i\u015flenmesi sebebiyle zarara u\u011framas\u0131 h\u00e2linde zarar\u0131n giderilmesini talep etme.<\/li><\/ul><p>Yukar\u0131da s\u0131ralanan haklar\u0131n\u0131za y\u00f6nelik ba\u015fvurular\u0131n\u0131z\u0131 kimli\u011finizi tespit edici gerekli bilgiler ile KVK Kanunu\u2019nun 11. maddesinde belirtilen haklardan kullanmay\u0131 talep etti\u011finiz hakk\u0131n\u0131za y\u00f6nelik a\u00e7\u0131klamalar\u0131n\u0131z\u0131 i\u00e7eren talebinizi; <strong>www.originfgl.com<\/strong><strong> \u00a0<\/strong>internet adresinde yer alan <strong>Veri Sahibi Ba\u015fvuru Formunu<\/strong> doldurarak, formun imzal\u0131 bir n\u00fcshas\u0131n\u0131 \u201c<strong>Oru\u00e7reis Mah. Vadi Cad. No: 108 \u0130stanbul Ticaret Saray\u0131 Kat: 3 Giyimkent Sitesi, Esenler\/\u0130stanbul<\/strong><strong>\u201d <\/strong>adresine <strong>kimli\u011finizi tespit edici belgeler<\/strong> ile bizzat elden, noter kanal\u0131yla veya <strong>kvkk@originfgl.com<\/strong> adresine elektronik posta olarak iletebilirsiniz.<\/p><p><strong>Origin FGL<\/strong> talebin niteli\u011fine g\u00f6re, talebi en k\u0131sa s\u00fcrede ve en ge\u00e7 otuz (30) g\u00fcn i\u00e7inde \u00fccretsiz olarak sonu\u00e7land\u0131racakt\u0131r. Ancak, i\u015flemin ayr\u0131ca bir maliyeti gerektirmesi h\u00e2linde, Ki\u015fisel Verileri Koruma Kurulu taraf\u0131ndan Veri Sorumlusuna Ba\u015fvuru Usul ve Esaslar\u0131 Hakk\u0131nda Tebli\u011f&#8217;de belirlenen tarifedeki \u00fccret al\u0131nabilir.\u00a0<\/p><p>Ba\u015fvurular T\u00fcrk\u00e7e yap\u0131lmal\u0131d\u0131r. Ba\u015fvurularda, ad, soyad\u0131 ve ba\u015fvuru yaz\u0131l\u0131 ise imza, T\u00fcrkiye Cumhuriyeti vatanda\u015flar\u0131 i\u00e7in T.C. kimlik numaras\u0131, yabanc\u0131lar i\u00e7in uyru\u011fu, pasaport numaras\u0131\/kimlik numaras\u0131, tebligata esas yerle\u015fim yeri veya i\u015fyeri adresi, varsa bildirime esas elektronik posta adresi, telefon veya faks numaras\u0131 ve talep konusu bulunmas\u0131 zorunludur.<\/p><p>Ki\u015fisel veri sahibinin sahip oldu\u011fu ve yukar\u0131da belirtilen haklar\u0131 kullanmak i\u00e7in yapaca\u011f\u0131 ve kullanmay\u0131 talep etti\u011fi hakka ili\u015fkin a\u00e7\u0131klamalar\u0131 i\u00e7eren ba\u015fvuruda; talep etti\u011fi hususun a\u00e7\u0131k ve anla\u015f\u0131l\u0131r olmas\u0131, talep etti\u011fi konunun \u015fahs\u0131 ile ilgili olmas\u0131 veya ba\u015fkas\u0131 ad\u0131na hareket ediyor ise bu konuda \u00f6zel olarak yetkili olmas\u0131 ve yetkisini belgelendirmesi, ba\u015fvurunun kimlik ve adres bilgilerini i\u00e7ermesi ve ba\u015fvuruya kimli\u011fini tevsik edici belgelerin eklenmesi gerekmektedir.<\/p><p>KVK Kanunu kapsam\u0131nda \u201cVeri Sorumlusu\u201d s\u0131fat\u0131yla bildiririz.<\/p><p>Sayg\u0131lar\u0131m\u0131zla,<\/p><table style=\"height: 340px;\" width=\"883\"><tbody><tr><td colspan=\"3\" width=\"707\"><p><strong>Origin FGL Lojistik A.\u015e.<\/strong><\/p><\/td><\/tr><tr><td width=\"75\"><p>Adres<\/p><\/td><td width=\"28\"><p>:<\/p><\/td><td width=\"603\"><p>Oru\u00e7reis Mah. Vadi Cad. No:108 \u0130stanbul Ticaret Saray\u0131 K:3 Giyimkent Sitesi Esenler\/\u0130STANBUL<\/p><\/td><\/tr><tr><td width=\"75\"><p>E-Posta<\/p><\/td><td width=\"28\"><p>:<\/p><\/td><td width=\"603\"><p><a href=\"mailto:kvkk@originfgl.com\">kvkk@originfgl.com<\/a><\/p><\/td><\/tr><tr><td width=\"75\"><p>Web<\/p><\/td><td width=\"28\"><p>:<\/p><\/td><td width=\"603\"><p><a href=\"http:\/\/www.originfgl.com\">www.originfgl.com<\/a><\/p><\/td><\/tr><\/tbody><\/table>\t\t\t\t\t\t\t\t<\/div>\n\t\t\t\t<\/div>\n\t\t\t\t\t<\/div>\n\t\t<\/div>\n\t\t\t\t\t<\/div>\n\t\t<\/section>\n\t\t\t\t<section class=\"elementor-section elementor-top-section elementor-element elementor-element-6029e446 elementor-section-boxed elementor-section-height-default elementor-section-height-default sc_fly_static\" data-id=\"6029e446\" data-element_type=\"section\" data-settings=\"{&quot;background_background&quot;:&quot;classic&quot;}\">\n\t\t\t\t\t\t<div class=\"elementor-container elementor-column-gap-extended\">\n\t\t\t\t\t<div class=\"elementor-column elementor-col-100 elementor-top-column elementor-element elementor-element-4e116f82 sc_inner_width_none sc_content_align_inherit sc_layouts_column_icons_position_left sc_fly_static\" data-id=\"4e116f82\" data-element_type=\"column\">\n\t\t\t<div class=\"elementor-widget-wrap elementor-element-populated\">\n\t\t\t\t\t\t<div class=\"elementor-element elementor-element-d8a08d3 sc_fly_static elementor-widget elementor-widget-spacer\" data-id=\"d8a08d3\" data-element_type=\"widget\" data-widget_type=\"spacer.default\">\n\t\t\t\t<div class=\"elementor-widget-container\">\n\t\t\t\t\t\t\t<div class=\"elementor-spacer\">\n\t\t\t<div class=\"elementor-spacer-inner\"><\/div>\n\t\t<\/div>\n\t\t\t\t\t\t<\/div>\n\t\t\t\t<\/div>\n\t\t\t\t<div class=\"elementor-element elementor-element-5d7fa63 sc_fly_static elementor-widget elementor-widget-spacer\" data-id=\"5d7fa63\" data-element_type=\"widget\" data-widget_type=\"spacer.default\">\n\t\t\t\t<div class=\"elementor-widget-container\">\n\t\t\t\t\t\t\t<div class=\"elementor-spacer\">\n\t\t\t<div class=\"elementor-spacer-inner\"><\/div>\n\t\t<\/div>\n\t\t\t\t\t\t<\/div>\n\t\t\t\t<\/div>\n\t\t\t\t\t<\/div>\n\t\t<\/div>\n\t\t\t\t\t<\/div>\n\t\t<\/section>\n\t\t\t\t<\/div>\n\t\t","protected":false},"excerpt":{"rendered":"<p>M\u00fc\u015fteri-M\u00fc\u015fteri Aday\u0131 Ayd\u0131nlatma Metni Origin FGL Lojistik A.\u015e. (bundan b\u00f6yle \u201cOrigin FGL\u201d olarak ifade edilecektir) olarak 6698 say\u0131l\u0131 Ki\u015fisel Verilerin Korunmas\u0131 Kanunu (\u201cKVKK\u201d) ile ilgili mevzuat ve yasal d\u00fczenlemelerden kaynaklanan&hellip;<\/p>\n","protected":false},"author":1,"featured_media":0,"parent":0,"menu_order":0,"comment_status":"closed","ping_status":"closed","template":"","meta":{"footnotes":""},"class_list":["post-22563","page","type-page","status-publish","hentry"],"_links":{"self":[{"href":"https:\/\/originfgl.com\/tr\/wp-json\/wp\/v2\/pages\/22563","targetHints":{"allow":["GET"]}}],"collection":[{"href":"https:\/\/originfgl.com\/tr\/wp-json\/wp\/v2\/pages"}],"about":[{"href":"https:\/\/originfgl.com\/tr\/wp-json\/wp\/v2\/types\/page"}],"author":[{"embeddable":true,"href":"https:\/\/originfgl.com\/tr\/wp-json\/wp\/v2\/users\/1"}],"replies":[{"embeddable":true,"href":"https:\/\/originfgl.com\/tr\/wp-json\/wp\/v2\/comments?post=22563"}],"version-history":[{"count":0,"href":"https:\/\/originfgl.com\/tr\/wp-json\/wp\/v2\/pages\/22563\/revisions"}],"wp:attachment":[{"href":"https:\/\/originfgl.com\/tr\/wp-json\/wp\/v2\/media?parent=22563"}],"curies":[{"name":"wp","href":"https:\/\/api.w.org\/{rel}","templated":true}]}}