{"id":22552,"date":"2025-05-08T15:54:19","date_gmt":"2025-05-08T12:54:19","guid":{"rendered":"https:\/\/originfgl.com\/?page_id=22552"},"modified":"2025-05-12T16:01:56","modified_gmt":"2025-05-12T13:01:56","slug":"veri-koruma-aydinlatma-metni","status":"publish","type":"page","link":"https:\/\/originfgl.com\/tr\/veri-koruma-aydinlatma-metni\/","title":{"rendered":"Veri Koruma Ayd\u0131nlatma Metni"},"content":{"rendered":"\t\t<div data-elementor-type=\"wp-page\" data-elementor-id=\"22552\" class=\"elementor elementor-22552\" data-elementor-post-type=\"page\">\n\t\t\t\t\t\t<section class=\"elementor-section elementor-top-section elementor-element elementor-element-2a5c4f4 elementor-section-boxed elementor-section-height-default elementor-section-height-default sc_fly_static\" data-id=\"2a5c4f4\" data-element_type=\"section\">\n\t\t\t\t\t\t<div class=\"elementor-container elementor-column-gap-default\">\n\t\t\t\t\t<div class=\"elementor-column elementor-col-100 elementor-top-column elementor-element elementor-element-199c80f sc_inner_width_none sc_content_align_inherit sc_layouts_column_icons_position_left sc_fly_static\" data-id=\"199c80f\" data-element_type=\"column\">\n\t\t\t<div class=\"elementor-widget-wrap elementor-element-populated\">\n\t\t\t\t\t\t<div class=\"elementor-element elementor-element-55e1aa9 sc_fly_static elementor-widget elementor-widget-spacer\" data-id=\"55e1aa9\" data-element_type=\"widget\" data-widget_type=\"spacer.default\">\n\t\t\t\t<div class=\"elementor-widget-container\">\n\t\t\t\t\t\t\t<div class=\"elementor-spacer\">\n\t\t\t<div class=\"elementor-spacer-inner\"><\/div>\n\t\t<\/div>\n\t\t\t\t\t\t<\/div>\n\t\t\t\t<\/div>\n\t\t\t\t<div class=\"elementor-element elementor-element-92603d0 sc_fly_static elementor-widget elementor-widget-heading\" data-id=\"92603d0\" data-element_type=\"widget\" data-widget_type=\"heading.default\">\n\t\t\t\t<div class=\"elementor-widget-container\">\n\t\t\t\t\t<h3 class=\"elementor-heading-title elementor-size-default\">Origin FGL Lojistik A.\u015e.<br>\nVeri Koruma Ayd\u0131nlatma Metni\n<\/h3>\t\t\t\t<\/div>\n\t\t\t\t<\/div>\n\t\t\t\t<div class=\"elementor-element elementor-element-caed79c sc_fly_static elementor-widget elementor-widget-spacer\" data-id=\"caed79c\" data-element_type=\"widget\" data-widget_type=\"spacer.default\">\n\t\t\t\t<div class=\"elementor-widget-container\">\n\t\t\t\t\t\t\t<div class=\"elementor-spacer\">\n\t\t\t<div class=\"elementor-spacer-inner\"><\/div>\n\t\t<\/div>\n\t\t\t\t\t\t<\/div>\n\t\t\t\t<\/div>\n\t\t\t\t<div class=\"elementor-element elementor-element-15a651f6 sc_fly_static elementor-widget elementor-widget-text-editor\" data-id=\"15a651f6\" data-element_type=\"widget\" data-widget_type=\"text-editor.default\">\n\t\t\t\t<div class=\"elementor-widget-container\">\n\t\t\t\t\t\t\t\t\t<p>Origin FGL Lojistik A.\u015e. (\u201c<strong>Origin FGL<\/strong>\u201d, \u201c<strong>\u015eirket<\/strong>\u201d ya da \u201c<strong>Biz<\/strong>\u201d olarak an\u0131lacakt\u0131r), m\u00fc\u015fterilerinin\/tedarik\u00e7ilerinin ki\u015fisel verilerinin hukuka uygun olarak i\u015flenmesini son derece \u00f6nemsemektedir. Bu Veri Koruma Ayd\u0131nlatma Metni (\u201c<strong>Ayd\u0131nlatma Metni<\/strong>\u201d), m\u00fc\u015fterilerimizin\/tedarik\u00e7ilerimizin ki\u015fisel verilerinin \u015feffaf bi\u00e7imde i\u015flenmesi amac\u0131yla, 6698 say\u0131l\u0131 Ki\u015fisel Verilerin Korunmas\u0131 Kanunu\u2019nun (\u201c<strong>Kanun<\/strong>\u201d) 10. maddesine ve Avrupa Birli\u011fi Genel Veri Koruma T\u00fcz\u00fc\u011f\u00fc\u2019ne (\u201c<strong>GDPR<\/strong>\u201d) uygun olarak haz\u0131rlanm\u0131\u015ft\u0131r.\u00a0<\/p><p>Bu kapsamda Ayd\u0131nlatma Metni\u2019nde, Origin FGL olarak veri sorumlusu s\u0131fat\u0131yla i\u015flemekte oldu\u011fumuz ki\u015fisel verilerinizin hangileri oldu\u011fu ve bu verilerin hangi ama\u00e7larla i\u015flendikleri ba\u015fta olmak \u00fczere verilerinizin payla\u015f\u0131ld\u0131\u011f\u0131 \u00fc\u00e7\u00fcnc\u00fc taraflara, haklar\u0131n\u0131za ve bizimle ileti\u015fime ge\u00e7ebilece\u011finiz y\u00f6ntemlere ili\u015fkin bilgiler sunulmaktad\u0131r.\u00a0<\/p><p>Ki\u015fisel verilerinizin i\u015flenmesine ili\u015fkin daha detayl\u0131 bilgi almak i\u00e7in <a href=\"\/tr\/kisisel-verilerin-korunmasi-ve-islenmesi-bildirimi\/\" target=\"_blank\" rel=\"noopener\">https:\/\/originfgl.com\/tr\/kisisel-verilerin-korunmasi-ve-islenmesi-bildirimi\/<\/a>adresinde yer alan Origin FGL Lojistik A.\u015e. Ki\u015fisel Verilerinin Korunmas\u0131 ve \u0130\u015flenmesi Bildirimi\u2019ni okuyabilirsiniz.<\/p><p><strong>Hangi Ki\u015fisel Verilerinizi \u0130\u015fliyoruz?\u00a0<\/strong><\/p><p>Origin FGL taraf\u0131ndan i\u015flenmekte olan ki\u015fisel verilerinize ili\u015fkin genel bilgiler a\u015fa\u011f\u0131daki gibidir (Ki\u015fisel verilerinizin i\u015flenme ama\u00e7lar\u0131na ili\u015fkin daha detayl\u0131 bilgi almak i\u00e7in <a href=\"\/tr\/kisisel-verilerin-korunmasi-ve-islenmesi-bildirimi\/\" target=\"_blank\" rel=\"noopener\">https:\/\/originfgl.com\/tr\/kisisel-verilerin-korunmasi-ve-islenmesi-bildirimi\/<\/a> adresinde yer alan Origin FGL Lojistik A.\u015e. Ki\u015fisel Verilerinin Korunmas\u0131 ve \u0130\u015flenmesi Bildirimi\u2019ne g\u00f6z atabilirsiniz.):\u00a0<\/p><ul><li><strong>Kimlik ve \u0130leti\u015fim Bilgileri:<\/strong>\u00a0\u0130sim-soy isim , e-posta, telefon<\/li><li><strong>De\u011ferlendirmeleriniz ve talepleriniz:<\/strong>\u00a0Hizmetlerimiz konusunda sizlerden sa\u011flam\u0131\u015f oldu\u011fumuz de\u011ferlendirme bilgileri\u00a0<\/li><li><strong>\u00d6deme bilgileriniz:<\/strong>\u00a0Kredi\/banka kart\u0131 bilgisi, bana hesab\u0131 bilgisi, IBAN bilgisi, bakiye bilgileri, alacak bakiyesi ve di\u011fer finansal bilgileri\u00a0<\/li><li><strong>Pazarlama Bilgisi:<\/strong>\u00a0M\u00fc\u015fterilerimizle ili\u015fkilendirilen ve pazarlama amac\u0131yla kullan\u0131lacak ki\u015finin al\u0131\u015fkanl\u0131klar\u0131, be\u011fenilerini g\u00f6steren raporlar ve de\u011ferlendirmeler, hedefleme bilgileri, \u00e7erez kay\u0131tlar\u0131, veri zenginle\u015ftirme faaliyetleri sayesinde t\u00fcretilen bilgiler, ki\u015fiyle yap\u0131lan anketler, memnuniyet anketleri, kampanyalar ve do\u011frudan pazarlama \u00e7al\u0131\u015fmalar\u0131 neticesinde elde edilen bilgiler ve de\u011ferlendirmeler.<\/li><\/ul><p><strong>Ki\u015fisel Verilerinizi Hangi Ama\u00e7larla \u0130\u015fliyoruz?\u00a0<\/strong><\/p><p>Origin FGL, ki\u015fisel verilerinizi a\u015fa\u011f\u0131daki ama\u00e7larla i\u015flemektedir (Ki\u015fisel verilerinizin i\u015flenme ama\u00e7lar\u0131na ili\u015fkin daha detayl\u0131 bilgi almak i\u00e7in <a href=\"\/tr\/kisisel-verilerin-korunmasi-ve-islenmesi-bildirimi\/\" target=\"_blank\" rel=\"noopener\">https:\/\/originfgl.com\/tr\/kisisel-verilerin-korunmasi-ve-islenmesi-bildirimi\/<\/a> adresinde yer alan Origin FGL Lojistik A.\u015e. Ki\u015fisel Verilerinin Korunmas\u0131 ve \u0130\u015flenmesi Bildirimi\u2019ne g\u00f6z atabilirsiniz.).\u00a0<\/p><ul><li><strong>\u0130leti\u015fim:<\/strong>\u00a0Operasyon bilgilerinizi iletmek i\u00e7in siz m\u00fc\u015fterilerimizle SMS, e-posta ya da telefon yoluyla ileti\u015fime ge\u00e7mek gibi ola\u011fan faaliyetlerimize dair siz m\u00fc\u015fterilerimizi bilgilendirmek,<\/li><li><strong>Talep ve G\u00f6r\u00fc\u015flerinizin De\u011ferlendirilmesi:<\/strong>\u00a0M\u00fc\u015fterilerimizin, hizmetlerimiz konusundaki g\u00f6r\u00fc\u015f, \u015fik\u00e2yet ve de\u011ferlendirmelerinin yaz\u0131l\u0131\/online form ve anketler arac\u0131l\u0131\u011f\u0131 ile al\u0131nmas\u0131 ve bunlar\u0131n de\u011ferlendirilmesi ve m\u00fc\u015fteri memnuniyeti kapsam\u0131nda,\u00a0<\/li><li><strong>Yasal Y\u00fck\u00fcml\u00fcl\u00fckler:<\/strong>\u00a0Origin FGL\u2019nin tabi oldu\u011fu ulusal ve uluslararas\u0131 mevzuata uyumun sa\u011flanmas\u0131 ve ilgili mevzuattan kaynaklanan y\u00fck\u00fcml\u00fcl\u00fcklerin yerine getirilmesi,\u00a0<\/li><li><strong>Hizmet \u00d6zelle\u015ftirmeleri:<\/strong>\u00a0Sunulan program, hizmet ve \u00fcr\u00fcnlerin ilgili ki\u015filerin be\u011feni, ilgili ki\u015filere \u00f6nerilmesi ve tan\u0131t\u0131lmas\u0131 ve bunlar\u0131n ilgili ki\u015filerin kullan\u0131m al\u0131\u015fkanl\u0131klar\u0131 ve ihtiya\u00e7lar\u0131na g\u00f6re \u00f6zelle\u015ftirilmesine y\u00f6nelik faaliyetlerin ger\u00e7ekle\u015ftirilmesi\u00a0<\/li><\/ul><p><strong>Ki\u015fisel Verilerinizi Kimlere ve Hangi Ama\u00e7larla Aktar\u0131yoruz?\u00a0<\/strong><\/p><p>Taraf\u0131m\u0131zca i\u015flenen ki\u015fisel verilerinizi baz\u0131 durumlarda yurti\u00e7indeki veya yurtd\u0131\u015f\u0131ndaki \u00fc\u00e7\u00fcnc\u00fc taraflara ba\u015fta Kanun\u2019un 8. ve 9. maddeleri olmak \u00fczere ulusal ve uluslararas\u0131 mevzuat h\u00fck\u00fcmleri \u00e7er\u00e7evesinde aktarabilmekteyiz.\u00a0<\/p><p>Verilerinizi aktarabilece\u011fimiz \u00fc\u00e7\u00fcnc\u00fc taraflar kategorik olarak \u015fu \u015fekildedir:\u00a0<\/p><ul><li><strong>Yurt i\u00e7indeki ve yurt d\u0131\u015f\u0131ndaki i\u015f ortaklar\u0131m\u0131z;<\/strong>\u00a0<\/li><li><strong>Grup \u015firketlerimiz<\/strong>\u00a0<\/li><li><strong>Tedarik\u00e7ilerimiz<\/strong><\/li><li><strong>Ta\u015f\u0131man\u0131n ger\u00e7ekle\u015fti\u011fi yabanc\u0131 devletler, ulusal ve uluslararas\u0131 mevzuat\u00e7a yetkilendirilmi\u015f yetkili \u00f6zel kurum ve kurulu\u015flar ve kamu kurumlar\u0131<\/strong><\/li><\/ul><p>6563 say\u0131l\u0131 Elektronik Ticaretin D\u00fczenlenmesi Hakk\u0131nda Kanun ve Ticari \u0130leti\u015fim ve Ticari Elektronik \u0130letiler Hakk\u0131nda Y\u00f6netmelik uyar\u0131nca vermi\u015f oldu\u011funuz izin do\u011frultusunda hizmetlerimiz hakk\u0131nda bilgi vermek, mal ve hizmetlerimizin tan\u0131t\u0131m\u0131n\u0131 yapmak ve kampanyalar\u0131m\u0131zdan haberdar olman\u0131z\u0131 sa\u011flamak amac\u0131yla ki\u015fisel verileriniz i\u015flenebilecektir. \u0130lgili mevzuat uyar\u0131nca, ticari elektronik ileti izinlerinizin \u0130leti Y\u00f6netim Sistemi&#8217;ne (\u0130YS) kaydedilmesi gerekmekte olup bu kapsamda ileti\u015fim adresi (telefon numaras\u0131 veya e-posta adresi), izin tarihi, ileti\u015fim kanal\u0131, al\u0131c\u0131 tipi ve izin kayna\u011f\u0131 verileri \u0130YS ile payla\u015f\u0131lacakt\u0131r. \u0130YS ile ilgili detayl\u0131 bilgi almak i\u00e7in https:\/\/iys.org.tr adresini ziyaret edebilirsiniz.<\/p><p><strong>\u0130lgili Ki\u015fi Olarak Hangi Haklara Sahipsiniz?<\/strong>\u00a0\u00a0<\/p><p>Kanun\u2019un 11. maddesi uyar\u0131nca ki\u015fisel verilerinize ili\u015fkin olarak pek \u00e7ok hakka sahipsiniz. Bu b\u00f6l\u00fcmde sahip oldu\u011funuz haklar ve kullanma y\u00f6ntemlerine ili\u015fkin sizlere bilgi vermek istiyoruz. Kanun\u2019un 11. maddesi uyar\u0131nca sahip oldu\u011funuz haklar \u015fu \u015fekildedir:<\/p><ul><li>Ki\u015fisel verilerinizin taraf\u0131m\u0131zca i\u015flenip i\u015flenmedi\u011fini \u00f6\u011frenebilirsiniz,\u00a0<\/li><li>E\u011fer ki\u015fisel verileriniz bizim taraf\u0131m\u0131zdan i\u015flenmi\u015fse bizden buna ili\u015fkin bilgi talep edebilirsiniz,\u00a0<\/li><li>Ki\u015fisel verilerinizi hangi ama\u00e7lar i\u00e7in i\u015fledi\u011fimizi ve ki\u015fisel verilerinizin bu ama\u00e7lara uygun \u015fekilde kullan\u0131l\u0131p kullan\u0131lmad\u0131\u011f\u0131n\u0131 \u00f6\u011frenebilirsiniz,\u00a0<\/li><li>Ki\u015fisel verilerinizi yurt i\u00e7inde veya yurt d\u0131\u015f\u0131nda aktard\u0131\u011f\u0131m\u0131z \u00fc\u00e7\u00fcnc\u00fc ki\u015fileri \u00f6\u011frenebilirsiniz,\u00a0<\/li><li>E\u011fer ki\u015fisel verilerinizi eksik veya yanl\u0131\u015f i\u015flemi\u015fsek, bunlar\u0131n d\u00fczeltilmesini isteyebilir ve ger\u00e7ekle\u015ftirilen bu d\u00fczeltmelerin ki\u015fisel verilerinizi aktarm\u0131\u015f oldu\u011fumuz \u00fc\u00e7\u00fcnc\u00fc taraflara da iletilmesini isteyebilirsiniz.\u00a0<\/li><li>Ki\u015fisel verilerinizi Kanun\u2019a ve ilgili di\u011fer ulusal ve uluslararas\u0131 mevzuat h\u00fck\u00fcmlerine uygun olarak i\u015flemi\u015f olmam\u0131za ra\u011fmen, ki\u015fisel verilerinizin i\u015flenmesini gerektiren sebeplerin ortadan kalkmas\u0131 halinde ki\u015fisel verilerinizin silinmesini veya yok edilmesini isteyebilir ve bu kapsamda yap\u0131lan d\u00fczeltmelerin ki\u015fisel verilerinizi aktarm\u0131\u015f oldu\u011fumuz \u00fc\u00e7\u00fcnc\u00fc taraflara da iletilmesini isteyebilirsiniz.\u00a0<\/li><li>\u0130\u015fledi\u011fimiz verilerin m\u00fcnhas\u0131ran otomatik sistemler vas\u0131tas\u0131yla analiz edilmesi suretiyle aleyhinize bir sonucun ortaya \u00e7\u0131kmas\u0131 durumunda, meydana gelen bu sonuca itiraz edebilirsiniz,\u00a0<\/li><li>Ki\u015fisel verilerinizin Kanun\u2019a ayk\u0131r\u0131 olarak i\u015flenmesi sebebiyle herhangi bir zarara u\u011framan\u0131z h\u00e2linde, hukuka ayk\u0131r\u0131 veri i\u015fleme dolay\u0131s\u0131yla do\u011fan zarar\u0131n giderilmesini talep edebilirsiniz.\u00a0<\/li><\/ul><p>Yukar\u0131da saym\u0131\u015f oldu\u011fumuz haklar\u0131n\u0131z\u0131 kolayca kullanabilmeniz ve ilgili talepleri taraf\u0131m\u0131za kolayca iletebilmeniz amac\u0131yla bize a\u015fa\u011f\u0131daki ileti\u015fim bilgilerimiz arac\u0131l\u0131\u011f\u0131 ile ula\u015fabilirsiniz. Size, ba\u015fvurunuzun niteli\u011fine g\u00f6re en k\u0131sa s\u00fcrede ve en ge\u00e7 otuz g\u00fcn i\u00e7inde cevap verece\u011fiz. Veri sahipleri ba\u015fvurular\u0131 kural olarak \u00fccretsiz cevapland\u0131r\u0131lmaktad\u0131r; ancak ayr\u0131ca bir maliyet do\u011fmas\u0131 halinde Ki\u015fisel Verileri Koruma Kurulunca belirlenecek tarifeye g\u00f6re taraf\u0131n\u0131zdan \u00fccret talep etme hakk\u0131m\u0131z\u0131 sakl\u0131 tutmaktay\u0131z.\u00a0<\/p><p><strong>\u0130leti\u015fim Bilgilerimiz\u00a0<\/strong><\/p><p><strong>Origin FGL Lojistik A.\u015e.<\/strong><\/p><p>Oru\u00e7resi Mah. Vadi Cad. No:108\/6 Giyimkent-Esenler\/\u0130stanbul\u00a0<\/p><p>00 90 212 987 55 55\u00a0<\/p>\t\t\t\t\t\t\t\t<\/div>\n\t\t\t\t<\/div>\n\t\t\t\t\t<\/div>\n\t\t<\/div>\n\t\t\t\t\t<\/div>\n\t\t<\/section>\n\t\t\t\t<section class=\"elementor-section elementor-top-section elementor-element elementor-element-6029e446 elementor-section-boxed elementor-section-height-default elementor-section-height-default sc_fly_static\" data-id=\"6029e446\" data-element_type=\"section\" data-settings=\"{&quot;background_background&quot;:&quot;classic&quot;}\">\n\t\t\t\t\t\t<div class=\"elementor-container elementor-column-gap-extended\">\n\t\t\t\t\t<div class=\"elementor-column elementor-col-100 elementor-top-column elementor-element elementor-element-4e116f82 sc_inner_width_none sc_content_align_inherit sc_layouts_column_icons_position_left sc_fly_static\" data-id=\"4e116f82\" data-element_type=\"column\">\n\t\t\t<div class=\"elementor-widget-wrap elementor-element-populated\">\n\t\t\t\t\t\t<div class=\"elementor-element elementor-element-d8a08d3 sc_fly_static elementor-widget elementor-widget-spacer\" data-id=\"d8a08d3\" data-element_type=\"widget\" data-widget_type=\"spacer.default\">\n\t\t\t\t<div class=\"elementor-widget-container\">\n\t\t\t\t\t\t\t<div class=\"elementor-spacer\">\n\t\t\t<div class=\"elementor-spacer-inner\"><\/div>\n\t\t<\/div>\n\t\t\t\t\t\t<\/div>\n\t\t\t\t<\/div>\n\t\t\t\t<div class=\"elementor-element elementor-element-5d7fa63 sc_fly_static elementor-widget elementor-widget-spacer\" data-id=\"5d7fa63\" data-element_type=\"widget\" data-widget_type=\"spacer.default\">\n\t\t\t\t<div class=\"elementor-widget-container\">\n\t\t\t\t\t\t\t<div class=\"elementor-spacer\">\n\t\t\t<div class=\"elementor-spacer-inner\"><\/div>\n\t\t<\/div>\n\t\t\t\t\t\t<\/div>\n\t\t\t\t<\/div>\n\t\t\t\t\t<\/div>\n\t\t<\/div>\n\t\t\t\t\t<\/div>\n\t\t<\/section>\n\t\t\t\t<\/div>\n\t\t","protected":false},"excerpt":{"rendered":"<p>Origin FGL Lojistik A.\u015e. Veri Koruma Ayd\u0131nlatma Metni Origin FGL Lojistik A.\u015e. (\u201cOrigin FGL\u201d, \u201c\u015eirket\u201d ya da \u201cBiz\u201d olarak an\u0131lacakt\u0131r), m\u00fc\u015fterilerinin\/tedarik\u00e7ilerinin ki\u015fisel verilerinin hukuka uygun olarak i\u015flenmesini son derece \u00f6nemsemektedir.&hellip;<\/p>\n","protected":false},"author":1,"featured_media":0,"parent":0,"menu_order":0,"comment_status":"closed","ping_status":"closed","template":"","meta":{"footnotes":""},"class_list":["post-22552","page","type-page","status-publish","hentry"],"_links":{"self":[{"href":"https:\/\/originfgl.com\/tr\/wp-json\/wp\/v2\/pages\/22552","targetHints":{"allow":["GET"]}}],"collection":[{"href":"https:\/\/originfgl.com\/tr\/wp-json\/wp\/v2\/pages"}],"about":[{"href":"https:\/\/originfgl.com\/tr\/wp-json\/wp\/v2\/types\/page"}],"author":[{"embeddable":true,"href":"https:\/\/originfgl.com\/tr\/wp-json\/wp\/v2\/users\/1"}],"replies":[{"embeddable":true,"href":"https:\/\/originfgl.com\/tr\/wp-json\/wp\/v2\/comments?post=22552"}],"version-history":[{"count":0,"href":"https:\/\/originfgl.com\/tr\/wp-json\/wp\/v2\/pages\/22552\/revisions"}],"wp:attachment":[{"href":"https:\/\/originfgl.com\/tr\/wp-json\/wp\/v2\/media?parent=22552"}],"curies":[{"name":"wp","href":"https:\/\/api.w.org\/{rel}","templated":true}]}}