{"id":21271,"date":"2024-08-13T01:59:38","date_gmt":"2024-08-12T22:59:38","guid":{"rendered":"https:\/\/originfgl.com\/?page_id=21271"},"modified":"2025-05-14T01:21:34","modified_gmt":"2025-05-13T22:21:34","slug":"gizlilik-ve-cerez-politikalari","status":"publish","type":"page","link":"https:\/\/originfgl.com\/tr\/gizlilik-ve-cerez-politikalari\/","title":{"rendered":"Gizlilik ve \u00c7erez Politikalar\u0131"},"content":{"rendered":"\t\t<div data-elementor-type=\"wp-page\" data-elementor-id=\"21271\" class=\"elementor elementor-21271 elementor-20597\" data-elementor-post-type=\"page\">\n\t\t\t\t\t\t<section class=\"elementor-section elementor-top-section elementor-element elementor-element-2a5c4f4 elementor-section-boxed elementor-section-height-default elementor-section-height-default sc_fly_static\" data-id=\"2a5c4f4\" data-element_type=\"section\">\n\t\t\t\t\t\t<div class=\"elementor-container elementor-column-gap-default\">\n\t\t\t\t\t<div class=\"elementor-column elementor-col-100 elementor-top-column elementor-element elementor-element-199c80f sc_inner_width_none sc_content_align_inherit sc_layouts_column_icons_position_left sc_fly_static\" data-id=\"199c80f\" data-element_type=\"column\">\n\t\t\t<div class=\"elementor-widget-wrap elementor-element-populated\">\n\t\t\t\t\t\t<div class=\"elementor-element elementor-element-55e1aa9 sc_fly_static elementor-widget elementor-widget-spacer\" data-id=\"55e1aa9\" data-element_type=\"widget\" data-widget_type=\"spacer.default\">\n\t\t\t\t<div class=\"elementor-widget-container\">\n\t\t\t\t\t\t\t<div class=\"elementor-spacer\">\n\t\t\t<div class=\"elementor-spacer-inner\"><\/div>\n\t\t<\/div>\n\t\t\t\t\t\t<\/div>\n\t\t\t\t<\/div>\n\t\t\t\t<div class=\"elementor-element elementor-element-92603d0 sc_fly_static elementor-widget elementor-widget-heading\" data-id=\"92603d0\" data-element_type=\"widget\" data-widget_type=\"heading.default\">\n\t\t\t\t<div class=\"elementor-widget-container\">\n\t\t\t\t\t<h3 class=\"elementor-heading-title elementor-size-default\">Gizlilik Bildirimi ve \u00c7erez Ayd\u0131nlatma Metni<br>\nOrigin FGL Lojistik A.\u015e.<br>\n\u00c7erez Ayd\u0131nlatma Metni\n<\/h3>\t\t\t\t<\/div>\n\t\t\t\t<\/div>\n\t\t\t\t<div class=\"elementor-element elementor-element-caed79c sc_fly_static elementor-widget elementor-widget-spacer\" data-id=\"caed79c\" data-element_type=\"widget\" data-widget_type=\"spacer.default\">\n\t\t\t\t<div class=\"elementor-widget-container\">\n\t\t\t\t\t\t\t<div class=\"elementor-spacer\">\n\t\t\t<div class=\"elementor-spacer-inner\"><\/div>\n\t\t<\/div>\n\t\t\t\t\t\t<\/div>\n\t\t\t\t<\/div>\n\t\t\t\t<div class=\"elementor-element elementor-element-eb9e5df sc_fly_static elementor-widget elementor-widget-trx_sc_layouts_iconed_text\" data-id=\"eb9e5df\" data-element_type=\"widget\" data-widget_type=\"trx_sc_layouts_iconed_text.default\">\n\t\t\t\t<div class=\"elementor-widget-container\">\n\t\t\t\t\t<div class=\"sc_layouts_iconed_text\" ><a href=\"\/wp-content\/uploads\/2025\/04\/ORIGIN-FGL-VERI-SAHIBI-BASVURU-FORMU.docx\" class=\"sc_layouts_item_link sc_layouts_iconed_text_link\"><span class=\"sc_layouts_item_icon sc_layouts_iconed_text_icon icon-file-pdf sc_icon_type_icons\"><\/span><span class=\"sc_layouts_item_details sc_layouts_iconed_text_details\"><span class=\"sc_layouts_item_details_line1 sc_layouts_iconed_text_line1\">ORIGIN FGL LOJ\u0130ST\u0130K VER\u0130 SAH\u0130B\u0130 BA\u015eVURU FORMU<\/span><\/span><\/a><\/div>\t\t\t\t<\/div>\n\t\t\t\t<\/div>\n\t\t\t\t<div class=\"elementor-element elementor-element-b2fecdd sc_fly_static elementor-widget elementor-widget-spacer\" data-id=\"b2fecdd\" data-element_type=\"widget\" data-widget_type=\"spacer.default\">\n\t\t\t\t<div class=\"elementor-widget-container\">\n\t\t\t\t\t\t\t<div class=\"elementor-spacer\">\n\t\t\t<div class=\"elementor-spacer-inner\"><\/div>\n\t\t<\/div>\n\t\t\t\t\t\t<\/div>\n\t\t\t\t<\/div>\n\t\t\t\t<div class=\"elementor-element elementor-element-15a651f6 sc_fly_static elementor-widget elementor-widget-text-editor\" data-id=\"15a651f6\" data-element_type=\"widget\" data-widget_type=\"text-editor.default\">\n\t\t\t\t<div class=\"elementor-widget-container\">\n\t\t\t\t\t\t\t\t\t<p><strong>Ayd\u0131nlatma Metni Hakk\u0131nda<\/strong><\/p><p>Origin FGL Lojistik A.\u015e. (\u201c<strong>Origin FGL<\/strong>\u201d veya \u201c<strong>\u015eirket<\/strong>\u201d) olarak, \u00e7evrimi\u00e7i mecralar\u0131m\u0131z\u0131 ziyaretleriniz s\u0131ras\u0131nda sizlerin deneyiminizi geli\u015ftirmek i\u00e7in \u00e7erezler, pikseller, gifler gibi baz\u0131 teknolojilerden (\u201c<strong>\u00e7erezler<\/strong>\u201d) faydalanmaktay\u0131z. Bu teknolojilerin kullan\u0131m\u0131 ve ki\u015fisel veri i\u015fleme faaliyeti ba\u015fta 6698 say\u0131l\u0131 Ki\u015fisel Verilerin Korunmas\u0131 Kanunu (\u201c<strong>Kanun<\/strong>\u201d) olmak \u00fczere tabi oldu\u011fumuz mevzuata uygun \u015fekilde ger\u00e7ekle\u015ftirilmektedir.<\/p><p>\u0130\u015fbu Ayd\u0131nlatma metninin amac\u0131, taraf\u0131m\u0131zca i\u015fletilmekte olan \u201coriginfgl.com\u201d internet sitesinin (\u201c<strong>Site<\/strong>\u201d) ve mobil uygulaman\u0131n i\u015fletilmesi s\u0131ras\u0131nda Site kullan\u0131c\u0131lar\u0131\/\u00fcyeleri\/ziyaret\u00e7ileri (\u201c<strong>\u0130lgili Ki\u015fi<\/strong>\u201d) taraf\u0131ndan \u00e7erezlerin kullan\u0131m\u0131 s\u0131ras\u0131nda elde edilen ki\u015fisel verilerin i\u015flenmesi ve \u00e7erezlerin kullan\u0131m\u0131na ili\u015fkin olarak sizlere bilgi vermektir. \u0130\u015fbu metinde sitemizde hangi ama\u00e7larla hangi t\u00fcr \u00e7erezleri kulland\u0131\u011f\u0131m\u0131z\u0131 ve bu \u00e7erezleri ve ki\u015fisel veri i\u015fleme faaliyetini nas\u0131l kontrol edebilece\u011finizi sizlere a\u00e7\u0131klamak istiyoruz.<\/p><p>Origin FGL olarak sitemizde kulland\u0131\u011f\u0131m\u0131z \u00e7erezlerden ve i\u015fleme faaliyetlerinden vazge\u00e7ebilir, \u00e7erezlerin t\u00fcrlerini veya fonksiyonlar\u0131n\u0131 de\u011fi\u015ftirebilir veya yeni \u00e7erezler ya da i\u015fleme faaliyetleri ekleyebiliriz. Dolay\u0131s\u0131yla i\u015f bu ayd\u0131nlatma metninin h\u00fck\u00fcmlerini diledi\u011fimiz zaman de\u011fi\u015ftirme hakk\u0131n\u0131 sakl\u0131 tutar\u0131z. \u00d6te yandan bu metni g\u00fcncellenmeden de uygulanabilir mevzuat ba\u011flam\u0131nda yeni veya de\u011fi\u015fen ki\u015fisel veri i\u015fleme faaliyetleri veya \u00e7erezlere ili\u015fkin sizin onay\u0131n\u0131z\u0131 isteyebiliriz..<\/p><p>Ki\u015fisel verilerinizin \u015eirket taraf\u0131ndan i\u015flenme ama\u00e7lar\u0131 hakk\u0131nda daha detayl\u0131 bilgi i\u00e7in\u00a0<a href=\"\/tr\/kisisel-verilerin-korunmasi-ve-islenmesi-bildirimi\/\" target=\"_blank\" rel=\"noopener\">https:\/\/originfgl.com\/tr\/kisisel-verilerin-korunmasi-ve-islenmesi-bildirimi\/<\/a>\u00a0adresinde yer alan Origin FGL Lojistik A.\u015e. Ki\u015fisel Verilerin Korunmas\u0131 ve \u0130\u015flenmesi Bildirimini okuman\u0131z\u0131 tavsiye ederiz.<\/p><p><strong>\u00dc\u00e7\u00fcnc\u00fc Taraf Web Siteleri ve Uygulamalar<\/strong><\/p><p>Bu web sitesi ba\u015fka sitelere link verebilir. Origin FGL, bu linkler vas\u0131tas\u0131yla eri\u015filen sitelerin gizlilik uygulamalar\u0131 ve i\u00e7eriklerine y\u00f6nelik herhangi bir sorumluluk ta\u015f\u0131mamaktad\u0131r. \u0130\u015f bu s\u00f6zle\u015fmedeki Gizlilik Bildirimi Prensipleri, sadece originfgl.com kullan\u0131m\u0131na ili\u015fkindir, \u00fc\u00e7\u00fcnc\u00fc taraf web sitelerini kapsamaz.<\/p><p><strong>\u00c7erez (tan\u0131mlama bilgileri) nedir?<\/strong><\/p><p>\u00c7erez, taray\u0131c\u0131n\u0131z arac\u0131l\u0131\u011f\u0131yla bir web sunucusu taraf\u0131ndan bilgisayar\u0131n\u0131za y\u00fcklenen k\u00fc\u00e7\u00fck veri dosyalar\u0131d\u0131r. Web siteleri, \u00e7erezin taray\u0131c\u0131n\u0131z ile sunucu aras\u0131nda ba\u011flant\u0131 kuruldu\u011funda sizi tan\u0131mak i\u00e7in kullan\u0131r. \u00c7erez, bir web sitesinin ziyaret\u00e7ileri taraf\u0131ndan daha kolay kullan\u0131labilmesi i\u00e7in tasarlan\u0131r.<\/p><p><strong>\u00c7erezler hangi ama\u00e7larla kullan\u0131lmaktad\u0131r?<\/strong><\/p><p>Origin FGL olarak sitemizde \u00e7e\u015fitli ama\u00e7larla \u00e7erezler kullanmakta ve bu \u00e7erezler vas\u0131tas\u0131yla ki\u015fisel verilerinizi i\u015flemekteyiz. Bu ama\u00e7lar ba\u015fl\u0131ca \u015funlard\u0131r:<\/p><ul><li><strong>Site\u2019nin \u00e7al\u0131\u015fmas\u0131 i\u00e7in gerekli temel fonksiyonlar\u0131 ger\u00e7ekle\u015ftirmek.<\/strong><\/li><li><strong>Site\u2019yi analiz etmek ve Site\u2019nin performans\u0131n\u0131 artt\u0131rmak.<\/strong><\/li><li><strong>Site\u2019nin i\u015flevselli\u011fini artt\u0131rmak ve kullan\u0131m kolayl\u0131\u011f\u0131 sa\u011flamak.<\/strong><\/li><li><strong>Ki\u015fiselle\u015ftirme, hedefleme ve reklamc\u0131l\u0131k faaliyeti ger\u00e7ekle\u015ftirmek.<\/strong><\/li><\/ul><p>\u00c7erezler arac\u0131l\u0131\u011f\u0131yla elde edilen verilerin ancak T\u00fcrk hukuku \u00e7er\u00e7evesinde ki\u015fisel veri te\u015fkil ettikleri \u00f6l\u00e7\u00fcde, i\u015fbu Bildirim ve Ki\u015fisel Verilerin Korunmas\u0131 Kanunu (KVKK) kapsam\u0131nda de\u011ferlendirilece\u011fi dikkate al\u0131nmal\u0131d\u0131r.<\/p><p><strong>Ki\u015fisel verilerin toplama y\u00f6ntemi ve hukuki sebebi nedir?<\/strong><\/p><p>Ki\u015fisel verileriniz, Sitemizi ziyaretiniz kapsam\u0131nda veya uygulamam\u0131z\u0131 kullanman\u0131z dolay\u0131s\u0131yla \u00e7erezler vas\u0131tas\u0131yla elde edilmektedir. \u0130\u015fbu ayd\u0131nlatma metni ve Origin FGL Lojistik A.\u015e. Ki\u015fisel Verilerin Korunmas\u0131 ve \u0130\u015flenmesi Bildiriminde belirtilen ama\u00e7lar do\u011frultusunda, Kanun\u2019un 5. maddesinin ikinci f\u0131kras\u0131ndaki kanuni veri i\u015fleme \u015fartlar\u0131ndan; ilgili ki\u015finin temel hak ve \u00f6zg\u00fcrl\u00fcklerine zarar vermemek kayd\u0131yla Ortakl\u0131\u011f\u0131m\u0131z\u0131n me\u015fru menfaatler i\u00e7in veri i\u015flemenin zorunlu olmas\u0131 (\u00f6rne\u011fin Sitenin i\u015fletilmesine y\u00f6nelik fonksiyonel ve g\u00fcvenlik gereklilikleri, Sitenin performans\u0131na y\u00f6nelik analiz ve \u00f6l\u00e7\u00fcmlemeler, Sitenin, \u00fcr\u00fcnlerin ve hizmetlerin geli\u015ftirilmesi) , Ortakl\u0131\u011f\u0131m\u0131z\u0131n hukuki y\u00fck\u00fcml\u00fcl\u00fcklerini yerine getirebilmesi i\u00e7in veri i\u015flemenin zorunlu olmas\u0131 ve bir s\u00f6zle\u015fmenin kurulmas\u0131 veya ifas\u0131yla do\u011frudan do\u011fruya ilgili olmas\u0131 \u015fartlar\u0131ndan birinin varl\u0131\u011f\u0131 halinde ki\u015fisel verileriniz r\u0131zan\u0131z olmaks\u0131z\u0131n i\u015flenebilecektir. Aksi hallerde ki\u015fisel verileriniz yaln\u0131zca a\u00e7\u0131k r\u0131zan\u0131z\u0131n bulundu\u011fu hallerde i\u015flenecektir.<\/p><p><strong>Ki\u015fisel verilerinizi kimlere ve hangi ama\u00e7larla aktarabiliriz?<\/strong><\/p><p>Origin FGL olarak, ayd\u0131nlatma metni kapsam\u0131ndaki ki\u015fisel verilerinizi Origin FGL Lojistik A.\u015e. Ki\u015fisel Verilerin Korunmas\u0131 ve \u0130\u015flenmesi Bildiriminde belirtilen ve yukar\u0131da yer alan ama\u00e7lar\u0131n ger\u00e7ekle\u015ftirilebilmesi ile s\u0131n\u0131rl\u0131 olarak ve mevzuata uygun \u015fekilde \u015eirketimizin hizmetlerinden faydaland\u0131\u011f\u0131 \u00fc\u00e7\u00fcnc\u00fc ki\u015filerle, ba\u011fl\u0131 ortakl\u0131klar\u0131m\u0131zla, i\u015f ortaklar\u0131m\u0131zla ve grup \u015firketlerimiz ile payla\u015fabiliriz. Verilerin aktar\u0131ld\u0131\u011f\u0131 taraflar\u0131n ki\u015fisel verilerinizi d\u00fcnyan\u0131n her yerindeki sunucular\u0131nda saklayabilece\u011fini belirtmek isteriz.<\/p><p><strong>\u00c7erezlerin kullan\u0131m\u0131n\u0131 nas\u0131l kontrol edebilirim?<\/strong><\/p><p>Sitemizi ziyaret etti\u011finizde, \u00e7erezlerin kullan\u0131m\u0131 hakk\u0131nda sizi bilgilendiren bir uyar\u0131 g\u00f6r\u00fcn\u00fcr ve \u201cT\u00fcm \u00e7erezleri kabul ediyorum\u201d tu\u015funa t\u0131klad\u0131\u011f\u0131n\u0131zda web sitemizdeki t\u00fcm \u00e7erezleri onaylam\u0131\u015f olursunuz. \u201cAyarlar\u0131 de\u011fi\u015ftir\u201d tu\u015funa t\u0131klayarak \u00e7erez t\u00fcrlerini tercihinize g\u00f6re belirleyebilirsiniz. Onay\u0131n\u0131z\u0131 istedi\u011finiz zaman geri alabilir ve bu sayfan\u0131n ba\u015f\u0131ndaki butonda \u00e7erez ayarlar\u0131n\u0131 de\u011fi\u015ftirebilirsiniz.<\/p><p><strong>\u0130lgili ki\u015fi olarak haklar\u0131n\u0131z nelerdir?<\/strong><\/p><p>Kanun\u2019un 11. maddesi uyar\u0131nca a\u015fa\u011f\u0131daki haklara sahipsiniz:<\/p><ul><li>Kendiniz ile ilgili ki\u015fisel veri i\u015flenip i\u015flenmedi\u011fini \u00f6\u011frenme.\u00a0<\/li><li>Kendiniz ile ilgili ki\u015fisel veri i\u015flenmi\u015fse buna ili\u015fkin bilgi talep etme.\u00a0<\/li><li>Ki\u015fisel verilerin i\u015flenme amac\u0131n\u0131 ve bunlar\u0131n amac\u0131na uygun kullan\u0131l\u0131p kullan\u0131lmad\u0131\u011f\u0131n\u0131 \u00f6\u011frenme.\u00a0<\/li><li>Yurt i\u00e7inde veya yurt d\u0131\u015f\u0131nda ki\u015fisel verilerin aktar\u0131ld\u0131\u011f\u0131 \u00fc\u00e7\u00fcnc\u00fc ki\u015fileri bilme.\u00a0<\/li><li>Ki\u015fisel verilerinizin eksik veya yanl\u0131\u015f i\u015flenmi\u015f olmas\u0131 h\u00e2linde bunlar\u0131n d\u00fczeltilmesini isteme.\u00a0<\/li><li>\u0130lgili mevzuatta \u00f6ng\u00f6r\u00fclen \u015fartlar \u00e7er\u00e7evesinde ki\u015fisel verilerinizin silinmesini veya yok edilmesini isteme.\u00a0<\/li><li>D\u00fczeltme, silme ve yok etme talepleri neticesinde yap\u0131lan i\u015flemlerin, ki\u015fisel verilerin aktar\u0131ld\u0131\u011f\u0131 \u00fc\u00e7\u00fcnc\u00fc ki\u015filere bildirilmesini isteme.\u00a0<\/li><li>\u0130\u015flenen verilerin m\u00fcnhas\u0131ran otomatik sistemler vas\u0131tas\u0131yla analiz edilmesi suretiyle ki\u015finin kendisi aleyhine bir sonucun ortaya \u00e7\u0131kmas\u0131na itiraz etme.\u00a0<\/li><li>Ki\u015fisel verilerin kanuna ayk\u0131r\u0131 olarak i\u015flenmesi sebebiyle zarara u\u011framas\u0131 h\u00e2linde zarar\u0131n giderilmesini talep etme.\u00a0<\/li><\/ul><p>Yukar\u0131da saym\u0131\u015f oldu\u011fumuz haklar\u0131n\u0131z\u0131 kolayca kullanabilmeniz ve ilgili talepleri taraf\u0131m\u0131za kolayca iletebilmeniz amac\u0131yla bize a\u015fa\u011f\u0131daki ileti\u015fim bilgilerimiz arac\u0131l\u0131\u011f\u0131 ile ula\u015fabilirsiniz. Size, ba\u015fvurunuzun niteli\u011fine g\u00f6re en k\u0131sa s\u00fcrede ve en ge\u00e7 otuz g\u00fcn i\u00e7inde cevap verece\u011fiz. \u0130lgili ki\u015fi ba\u015fvurular\u0131 kural olarak \u00fccretsiz cevapland\u0131r\u0131lmaktad\u0131r. Ancak ayr\u0131ca bir maliyet do\u011fmas\u0131 halinde Ki\u015fisel Verileri Koruma Kurulunca belirlenecek tarifeye g\u00f6re taraf\u0131n\u0131zdan \u00fccret talep etme hakk\u0131m\u0131z\u0131 sakl\u0131 tutmaktay\u0131z.<\/p><p><strong>Veri sorumlusu ve ileti\u015fim bilgileri<\/strong><\/p><p><strong>Origin FGL Lojistik A.\u015e.<\/strong><\/p><p>Merkez Ofis<br \/>Oru\u00e7resi Mah. Vadi Cad. No:108\/6 Giyimkent-Esenler\/\u0130stanbul<\/p><p>00 90 212 987 55 55<\/p><p>Origin FGL, i\u015fbu \u201cGizlilik Bildirimi\u201d h\u00fck\u00fcmlerini diledi\u011fi zaman sitede yay\u0131nlamak veya kullan\u0131c\u0131lara elektronik posta g\u00f6ndermek veya sitesinde yay\u0131nlamak suretiyle de\u011fi\u015ftirebilir. Gizlilik Politikas\u0131 h\u00fck\u00fcmleri de\u011fi\u015fti\u011fi takdirde, yay\u0131nland\u0131\u011f\u0131 tarihte y\u00fcr\u00fcrl\u00fck kazan\u0131r.<\/p>\t\t\t\t\t\t\t\t<\/div>\n\t\t\t\t<\/div>\n\t\t\t\t\t<\/div>\n\t\t<\/div>\n\t\t\t\t\t<\/div>\n\t\t<\/section>\n\t\t\t\t<section class=\"elementor-section elementor-top-section elementor-element elementor-element-6029e446 elementor-section-boxed elementor-section-height-default elementor-section-height-default sc_fly_static\" data-id=\"6029e446\" data-element_type=\"section\" data-settings=\"{&quot;background_background&quot;:&quot;classic&quot;}\">\n\t\t\t\t\t\t<div class=\"elementor-container elementor-column-gap-extended\">\n\t\t\t\t\t<div class=\"elementor-column elementor-col-100 elementor-top-column elementor-element elementor-element-4e116f82 sc_inner_width_none sc_content_align_inherit sc_layouts_column_icons_position_left sc_fly_static\" data-id=\"4e116f82\" data-element_type=\"column\">\n\t\t\t<div class=\"elementor-widget-wrap elementor-element-populated\">\n\t\t\t\t\t\t<div class=\"elementor-element elementor-element-d8a08d3 sc_fly_static elementor-widget elementor-widget-spacer\" data-id=\"d8a08d3\" data-element_type=\"widget\" data-widget_type=\"spacer.default\">\n\t\t\t\t<div class=\"elementor-widget-container\">\n\t\t\t\t\t\t\t<div class=\"elementor-spacer\">\n\t\t\t<div class=\"elementor-spacer-inner\"><\/div>\n\t\t<\/div>\n\t\t\t\t\t\t<\/div>\n\t\t\t\t<\/div>\n\t\t\t\t<div class=\"elementor-element elementor-element-5d7fa63 sc_fly_static elementor-widget elementor-widget-spacer\" data-id=\"5d7fa63\" data-element_type=\"widget\" data-widget_type=\"spacer.default\">\n\t\t\t\t<div class=\"elementor-widget-container\">\n\t\t\t\t\t\t\t<div class=\"elementor-spacer\">\n\t\t\t<div class=\"elementor-spacer-inner\"><\/div>\n\t\t<\/div>\n\t\t\t\t\t\t<\/div>\n\t\t\t\t<\/div>\n\t\t\t\t\t<\/div>\n\t\t<\/div>\n\t\t\t\t\t<\/div>\n\t\t<\/section>\n\t\t\t\t<\/div>\n\t\t","protected":false},"excerpt":{"rendered":"<p>Gizlilik Bildirimi ve \u00c7erez Ayd\u0131nlatma Metni Origin FGL Lojistik A.\u015e. \u00c7erez Ayd\u0131nlatma Metni ORIGIN FGL LOJ\u0130ST\u0130K VER\u0130 SAH\u0130B\u0130 BA\u015eVURU FORMU Ayd\u0131nlatma Metni Hakk\u0131nda Origin FGL Lojistik A.\u015e. (\u201cOrigin FGL\u201d veya&hellip;<\/p>\n","protected":false},"author":1,"featured_media":0,"parent":0,"menu_order":0,"comment_status":"closed","ping_status":"closed","template":"","meta":{"footnotes":""},"class_list":["post-21271","page","type-page","status-publish","hentry"],"_links":{"self":[{"href":"https:\/\/originfgl.com\/tr\/wp-json\/wp\/v2\/pages\/21271","targetHints":{"allow":["GET"]}}],"collection":[{"href":"https:\/\/originfgl.com\/tr\/wp-json\/wp\/v2\/pages"}],"about":[{"href":"https:\/\/originfgl.com\/tr\/wp-json\/wp\/v2\/types\/page"}],"author":[{"embeddable":true,"href":"https:\/\/originfgl.com\/tr\/wp-json\/wp\/v2\/users\/1"}],"replies":[{"embeddable":true,"href":"https:\/\/originfgl.com\/tr\/wp-json\/wp\/v2\/comments?post=21271"}],"version-history":[{"count":0,"href":"https:\/\/originfgl.com\/tr\/wp-json\/wp\/v2\/pages\/21271\/revisions"}],"wp:attachment":[{"href":"https:\/\/originfgl.com\/tr\/wp-json\/wp\/v2\/media?parent=21271"}],"curies":[{"name":"wp","href":"https:\/\/api.w.org\/{rel}","templated":true}]}}