{"id":21204,"date":"2024-03-14T14:24:46","date_gmt":"2024-03-14T11:24:46","guid":{"rendered":"https:\/\/originfgl.com\/?page_id=21204"},"modified":"2025-04-11T12:39:25","modified_gmt":"2025-04-11T09:39:25","slug":"proje-kargo-tasimaciligi","status":"publish","type":"page","link":"https:\/\/originfgl.com\/tr\/proje-kargo-tasimaciligi\/","title":{"rendered":"Proje Kargo Ta\u015f\u0131mac\u0131l\u0131\u011f\u0131"},"content":{"rendered":"\t\t<div data-elementor-type=\"wp-page\" data-elementor-id=\"21204\" class=\"elementor elementor-21204 elementor-19648\" data-elementor-post-type=\"page\">\n\t\t\t\t\t\t<section class=\"elementor-section-with-custom-width elementor-section elementor-top-section elementor-element elementor-element-2e76b24 elementor-section-stretched elementor-section-boxed elementor-section-height-default elementor-section-height-default sc_fly_static\" data-id=\"2e76b24\" data-element_type=\"section\" data-settings=\"{&quot;stretch_section&quot;:&quot;section-stretched&quot;}\">\n\t\t\t\t\t\t<div class=\"elementor-container elementor-column-gap-default\">\n\t\t\t\t\t<div class=\"elementor-column elementor-col-100 elementor-top-column elementor-element elementor-element-a349b7a sc_inner_width_none sc_content_align_inherit sc_layouts_column_icons_position_left sc_fly_static\" data-id=\"a349b7a\" data-element_type=\"column\">\n\t\t\t<div class=\"elementor-widget-wrap elementor-element-populated\">\n\t\t\t\t\t\t<div class=\"elementor-element elementor-element-5ebb2e0 sc_fly_static elementor-widget elementor-widget-text-editor\" data-id=\"5ebb2e0\" data-element_type=\"widget\" data-widget_type=\"text-editor.default\">\n\t\t\t\t<div class=\"elementor-widget-container\">\n\t\t\t\t\t\t\t\t\t<h5><\/h5>\t\t\t\t\t\t\t\t<\/div>\n\t\t\t\t<\/div>\n\t\t\t\t<div class=\"elementor-element elementor-element-b86cba3 sc_height_small sc_fly_static elementor-widget elementor-widget-spacer\" data-id=\"b86cba3\" data-element_type=\"widget\" data-widget_type=\"spacer.default\">\n\t\t\t\t<div class=\"elementor-widget-container\">\n\t\t\t\t\t\t\t<div class=\"elementor-spacer\">\n\t\t\t<div class=\"elementor-spacer-inner\"><\/div>\n\t\t<\/div>\n\t\t\t\t\t\t<\/div>\n\t\t\t\t<\/div>\n\t\t\t\t<div class=\"elementor-element elementor-element-bb0505c sc_fly_static elementor-widget elementor-widget-text-editor\" data-id=\"bb0505c\" data-element_type=\"widget\" data-widget_type=\"text-editor.default\">\n\t\t\t\t<div class=\"elementor-widget-container\">\n\t\t\t\t\t\t\t\t\t<p><strong>Proje Kargo Ta\u015f\u0131mac\u0131l\u0131\u011f\u0131<\/strong><\/p>\t\t\t\t\t\t\t\t<\/div>\n\t\t\t\t<\/div>\n\t\t\t\t<div class=\"elementor-element elementor-element-a72cb5b sc_height_small sc_fly_static elementor-widget elementor-widget-spacer\" data-id=\"a72cb5b\" data-element_type=\"widget\" data-widget_type=\"spacer.default\">\n\t\t\t\t<div class=\"elementor-widget-container\">\n\t\t\t\t\t\t\t<div class=\"elementor-spacer\">\n\t\t\t<div class=\"elementor-spacer-inner\"><\/div>\n\t\t<\/div>\n\t\t\t\t\t\t<\/div>\n\t\t\t\t<\/div>\n\t\t\t\t<div class=\"elementor-element elementor-element-2a139f9 sc_fly_static elementor-widget elementor-widget-text-editor\" data-id=\"2a139f9\" data-element_type=\"widget\" data-widget_type=\"text-editor.default\">\n\t\t\t\t<div class=\"elementor-widget-container\">\n\t\t\t\t\t\t\t\t\t<p>S\u0131ra d\u0131\u015f\u0131 projeler oyun alan\u0131m\u0131z!<\/p>\t\t\t\t\t\t\t\t<\/div>\n\t\t\t\t<\/div>\n\t\t\t\t<div class=\"elementor-element elementor-element-72fcd5c sc_height_medium sc_fly_static elementor-widget elementor-widget-spacer\" data-id=\"72fcd5c\" data-element_type=\"widget\" data-widget_type=\"spacer.default\">\n\t\t\t\t<div class=\"elementor-widget-container\">\n\t\t\t\t\t\t\t<div class=\"elementor-spacer\">\n\t\t\t<div class=\"elementor-spacer-inner\"><\/div>\n\t\t<\/div>\n\t\t\t\t\t\t<\/div>\n\t\t\t\t<\/div>\n\t\t\t\t\t<\/div>\n\t\t<\/div>\n\t\t\t\t\t<\/div>\n\t\t<\/section>\n\t\t\t\t<section class=\"elementor-section elementor-top-section elementor-element elementor-element-8af7edd elementor-section-content-middle elementor-section-boxed elementor-section-height-default elementor-section-height-default sc_fly_static\" data-id=\"8af7edd\" data-element_type=\"section\" data-settings=\"{&quot;background_background&quot;:&quot;classic&quot;}\">\n\t\t\t\t\t\t<div class=\"elementor-container elementor-column-gap-extended\">\n\t\t\t\t\t<div class=\"elementor-column elementor-col-50 elementor-top-column elementor-element elementor-element-4dd58a4 sc_inner_width_none sc_content_align_inherit sc_layouts_column_icons_position_left sc_fly_static\" data-id=\"4dd58a4\" data-element_type=\"column\">\n\t\t\t<div class=\"elementor-widget-wrap elementor-element-populated\">\n\t\t\t\t\t\t<section class=\"elementor-section elementor-inner-section elementor-element elementor-element-2254d7c elementor-section-content-bottom elementor-section-boxed elementor-section-height-default elementor-section-height-default sc_fly_static\" data-id=\"2254d7c\" data-element_type=\"section\">\n\t\t\t\t\t\t<div class=\"elementor-container elementor-column-gap-no\">\n\t\t\t\t\t<div class=\"elementor-column elementor-col-100 elementor-inner-column elementor-element elementor-element-4fb3624 sc_inner_width_none sc_content_align_inherit sc_layouts_column_icons_position_left sc_fly_static\" data-id=\"4fb3624\" data-element_type=\"column\">\n\t\t\t<div class=\"elementor-widget-wrap elementor-element-populated\">\n\t\t\t\t\t\t<div data-parallax-params=\"{&quot;flow&quot;:&quot;entrance&quot;,&quot;crop&quot;:&quot;none&quot;,&quot;range_start&quot;:0,&quot;range_end&quot;:40,&quot;sticky_offset&quot;:0,&quot;ease&quot;:&quot;power2&quot;,&quot;duration&quot;:1,&quot;delay&quot;:0,&quot;squeeze&quot;:1,&quot;lag&quot;:0,&quot;x_start&quot;:0,&quot;x_start_unit&quot;:&quot;px&quot;,&quot;x_end&quot;:0,&quot;x_end_unit&quot;:&quot;px&quot;,&quot;y_start&quot;:0,&quot;y_start_unit&quot;:&quot;px&quot;,&quot;y_end&quot;:0,&quot;y_end_unit&quot;:&quot;px&quot;,&quot;scale_start&quot;:130,&quot;scale_end&quot;:100,&quot;rotate_start&quot;:20,&quot;rotate_end&quot;:0,&quot;opacity_start&quot;:1,&quot;opacity_end&quot;:1,&quot;crop_start&quot;:0,&quot;crop_end&quot;:100,&quot;text&quot;:&quot;block&quot;,&quot;text_separate&quot;:0,&quot;text_wrap&quot;:0,&quot;mouse&quot;:0,&quot;mouse_type&quot;:&quot;transform3d&quot;,&quot;mouse_tilt_amount&quot;:70,&quot;mouse_speed&quot;:10,&quot;mouse_z&quot;:&quot;&quot;,&quot;mouse_handler&quot;:&quot;row&quot;}\" class=\"elementor-element elementor-element-428aee5 elementor-absolute sc_parallax sc_parallax_entrance sc_fly_static elementor-widget elementor-widget-image\" data-id=\"428aee5\" data-element_type=\"widget\" data-settings=\"{&quot;_position&quot;:&quot;absolute&quot;}\" data-widget_type=\"image.default\">\n\t\t\t\t<div class=\"elementor-widget-container\">\n\t\t\t\t\t\t\t\t\t\t\t\t\t\t\t<img fetchpriority=\"high\" decoding=\"async\" width=\"734\" height=\"427\" src=\"https:\/\/originfgl.com\/wp-content\/uploads\/2023\/07\/ol_word_map.png\" class=\"attachment-full size-full wp-image-20845\" alt=\"\" srcset=\"https:\/\/originfgl.com\/wp-content\/uploads\/2023\/07\/ol_word_map.png 734w, https:\/\/originfgl.com\/wp-content\/uploads\/2023\/07\/ol_word_map-300x175.png 300w, https:\/\/originfgl.com\/wp-content\/uploads\/2023\/07\/ol_word_map-370x215.png 370w, https:\/\/originfgl.com\/wp-content\/uploads\/2023\/07\/ol_word_map-410x239.png 410w, https:\/\/originfgl.com\/wp-content\/uploads\/2023\/07\/elementor\/thumbs\/ol_word_map-q97ylbztgi14d0i0gew9fbqpfxg6slszkqnkjsunp4.png 350w\" sizes=\"(max-width: 734px) 100vw, 734px\" \/>\t\t\t\t\t\t\t\t\t\t\t\t\t\t\t<\/div>\n\t\t\t\t<\/div>\n\t\t\t\t<div class=\"elementor-element elementor-element-6210d6d elementor-widget__width-auto animation_type_block sc_fly_static elementor-invisible elementor-widget elementor-widget-image\" data-id=\"6210d6d\" data-element_type=\"widget\" data-settings=\"{&quot;_animation&quot;:&quot;qwery-fadein&quot;,&quot;_animation_delay&quot;:300,&quot;_animation_tablet&quot;:&quot;none&quot;}\" data-widget_type=\"image.default\">\n\t\t\t\t<div class=\"elementor-widget-container\">\n\t\t\t\t\t\t\t\t\t\t\t\t<figure class=\"wp-caption\">\n\t\t\t\t\t\t\t\t\t\t<img decoding=\"async\" width=\"624\" height=\"340\" src=\"https:\/\/originfgl.com\/wp-content\/uploads\/2025\/03\/project_cargos.webp\" class=\"attachment-full size-full wp-image-21501\" alt=\"\" srcset=\"https:\/\/originfgl.com\/wp-content\/uploads\/2025\/03\/project_cargos.webp 624w, https:\/\/originfgl.com\/wp-content\/uploads\/2025\/03\/project_cargos-300x163.webp 300w, https:\/\/originfgl.com\/wp-content\/uploads\/2025\/03\/project_cargos-370x202.webp 370w, https:\/\/originfgl.com\/wp-content\/uploads\/2025\/03\/project_cargos-410x223.webp 410w\" sizes=\"(max-width: 624px) 100vw, 624px\" \/>\t\t\t\t\t\t\t\t\t\t\t<figcaption class=\"widget-image-caption wp-caption-text\"><\/figcaption>\n\t\t\t\t\t\t\t\t\t\t<\/figure>\n\t\t\t\t\t\t\t\t\t<\/div>\n\t\t\t\t<\/div>\n\t\t\t\t\t<\/div>\n\t\t<\/div>\n\t\t\t\t\t<\/div>\n\t\t<\/section>\n\t\t\t\t\t<\/div>\n\t\t<\/div>\n\t\t\t\t<div class=\"elementor-column elementor-col-50 elementor-top-column elementor-element elementor-element-388e763 sc_inner_width_none sc_content_align_inherit sc_layouts_column_icons_position_left sc_fly_static\" data-id=\"388e763\" data-element_type=\"column\">\n\t\t\t<div class=\"elementor-widget-wrap elementor-element-populated\">\n\t\t\t\t\t\t<div class=\"elementor-element elementor-element-5927ea0 sc_fly_static elementor-widget elementor-widget-spacer\" data-id=\"5927ea0\" data-element_type=\"widget\" data-widget_type=\"spacer.default\">\n\t\t\t\t<div class=\"elementor-widget-container\">\n\t\t\t\t\t\t\t<div class=\"elementor-spacer\">\n\t\t\t<div class=\"elementor-spacer-inner\"><\/div>\n\t\t<\/div>\n\t\t\t\t\t\t<\/div>\n\t\t\t\t<\/div>\n\t\t\t\t<div class=\"elementor-element elementor-element-a52c958 sc_fly_static elementor-widget elementor-widget-text-editor\" data-id=\"a52c958\" data-element_type=\"widget\" data-widget_type=\"text-editor.default\">\n\t\t\t\t<div class=\"elementor-widget-container\">\n\t\t\t\t\t\t\t\t\t<p style=\"text-align: left;\">Origin FGL Lojistik, proje kargo ta\u015f\u0131mac\u0131l\u0131\u011f\u0131 konusunda deneyimli ve son derece uzman profesyonellerden olu\u015fan bir ekibe sahiptir. Hem deniz hem de kara operasyonlar\u0131n\u0131 kolayla\u015ft\u0131rmak i\u00e7in \u00e7e\u015fitli y\u00fck ta\u015f\u0131ma ekipmanlar\u0131na geni\u015f eri\u015fimimiz bulunmaktad\u0131r. Bu geni\u015f kaynak yelpazesi, karma\u015f\u0131k lojistik projelerini verimli bir \u015fekilde y\u00f6netmemizi ve y\u00fcr\u00fctmemizi sa\u011flar.<\/p>\t\t\t\t\t\t\t\t<\/div>\n\t\t\t\t<\/div>\n\t\t\t\t<div class=\"elementor-element elementor-element-49fa256 sc_fly_static elementor-widget elementor-widget-spacer\" data-id=\"49fa256\" data-element_type=\"widget\" data-widget_type=\"spacer.default\">\n\t\t\t\t<div class=\"elementor-widget-container\">\n\t\t\t\t\t\t\t<div class=\"elementor-spacer\">\n\t\t\t<div class=\"elementor-spacer-inner\"><\/div>\n\t\t<\/div>\n\t\t\t\t\t\t<\/div>\n\t\t\t\t<\/div>\n\t\t\t\t\t<\/div>\n\t\t<\/div>\n\t\t\t\t\t<\/div>\n\t\t<\/section>\n\t\t\t\t<section class=\"elementor-section elementor-top-section elementor-element elementor-element-17ef19b elementor-section-boxed elementor-section-height-default elementor-section-height-default sc_fly_static\" data-id=\"17ef19b\" data-element_type=\"section\">\n\t\t\t\t\t\t<div class=\"elementor-container elementor-column-gap-extended\">\n\t\t\t\t\t<div class=\"elementor-column elementor-col-100 elementor-top-column elementor-element elementor-element-f8e5965 sc_inner_width_none sc_content_align_inherit sc_layouts_column_icons_position_left sc_fly_static\" data-id=\"f8e5965\" data-element_type=\"column\">\n\t\t\t<div class=\"elementor-widget-wrap elementor-element-populated\">\n\t\t\t\t\t\t<div class=\"elementor-element elementor-element-2277d77 sc_height_medium sc_fly_static elementor-widget elementor-widget-spacer\" data-id=\"2277d77\" data-element_type=\"widget\" data-widget_type=\"spacer.default\">\n\t\t\t\t<div class=\"elementor-widget-container\">\n\t\t\t\t\t\t\t<div class=\"elementor-spacer\">\n\t\t\t<div class=\"elementor-spacer-inner\"><\/div>\n\t\t<\/div>\n\t\t\t\t\t\t<\/div>\n\t\t\t\t<\/div>\n\t\t\t\t\t<\/div>\n\t\t<\/div>\n\t\t\t\t\t<\/div>\n\t\t<\/section>\n\t\t\t\t<\/div>\n\t\t","protected":false},"excerpt":{"rendered":"<p>Proje Kargo Ta\u015f\u0131mac\u0131l\u0131\u011f\u0131 S\u0131ra d\u0131\u015f\u0131 projeler oyun alan\u0131m\u0131z! Origin FGL Lojistik, proje kargo ta\u015f\u0131mac\u0131l\u0131\u011f\u0131 konusunda deneyimli ve son derece uzman profesyonellerden olu\u015fan bir ekibe sahiptir. Hem deniz hem de kara&hellip;<\/p>\n","protected":false},"author":1,"featured_media":0,"parent":0,"menu_order":0,"comment_status":"closed","ping_status":"closed","template":"","meta":{"footnotes":""},"class_list":["post-21204","page","type-page","status-publish","hentry"],"_links":{"self":[{"href":"https:\/\/originfgl.com\/tr\/wp-json\/wp\/v2\/pages\/21204","targetHints":{"allow":["GET"]}}],"collection":[{"href":"https:\/\/originfgl.com\/tr\/wp-json\/wp\/v2\/pages"}],"about":[{"href":"https:\/\/originfgl.com\/tr\/wp-json\/wp\/v2\/types\/page"}],"author":[{"embeddable":true,"href":"https:\/\/originfgl.com\/tr\/wp-json\/wp\/v2\/users\/1"}],"replies":[{"embeddable":true,"href":"https:\/\/originfgl.com\/tr\/wp-json\/wp\/v2\/comments?post=21204"}],"version-history":[{"count":0,"href":"https:\/\/originfgl.com\/tr\/wp-json\/wp\/v2\/pages\/21204\/revisions"}],"wp:attachment":[{"href":"https:\/\/originfgl.com\/tr\/wp-json\/wp\/v2\/media?parent=21204"}],"curies":[{"name":"wp","href":"https:\/\/api.w.org\/{rel}","templated":true}]}}